{"id":10056,"date":"2026-04-27T10:21:56","date_gmt":"2026-04-27T09:21:56","guid":{"rendered":"https:\/\/treevaset.com\/product\/acer-palmatum-ukon-japanischer-faecherahorn-fuer-bonsai-young-pre-bonsai\/"},"modified":"2026-04-29T11:45:31","modified_gmt":"2026-04-29T10:45:31","slug":"acer-palmatum-ukon-young-pre-bonsai","status":"publish","type":"product","link":"https:\/\/treevaset.com\/de\/produkt\/acer-palmatum-ukon-young-pre-bonsai\/","title":{"rendered":"Acer palmatum &#8218;Ukon&#8216; \u2013 Japanischer F\u00e4cherahorn f\u00fcr Bonsai (Young Pre-Bonsai)"},"content":{"rendered":"","protected":false},"excerpt":{"rendered":"<p>Ukon ist ein Japanischer-Ahorn-Kultivar, der f\u00fcr sein reines, lebhaftes smaragdgr\u00fcnes Laub gesch\u00e4tzt wird \u2014 der gr\u00fcnste Acer palmatum, den man kultivieren kann. Schneller aufrechter Wuchs unterst\u00fctzt die Stammentwicklung, w\u00e4hrend mittlere Internodien gute strukturelle Kontrolle bieten. Nicht veredelte, stecklingsvermehrte Pflanzen zur Erhaltung der echten Kultivarmerkmale.<\/p>\n","protected":false},"featured_media":10045,"template":"","meta":{"_acf_changed":false,"site-sidebar-layout":"default","site-content-layout":"","ast-site-content-layout":"default","site-content-style":"default","site-sidebar-style":"default","ast-global-header-display":"","ast-banner-title-visibility":"","ast-main-header-display":"","ast-hfb-above-header-display":"","ast-hfb-below-header-display":"","ast-hfb-mobile-header-display":"","site-post-title":"","ast-breadcrumbs-content":"","ast-featured-img":"","footer-sml-layout":"","theme-transparent-header-meta":"default","adv-header-id-meta":"","stick-header-meta":"","header-above-stick-meta":"","header-main-stick-meta":"","header-below-stick-meta":"","astra-migrate-meta-layouts":"set","ast-page-background-enabled":"default","ast-page-background-meta":{"desktop":{"background-color":"var(--ast-global-color-4)","background-image":"","background-repeat":"repeat","background-position":"center center","background-size":"auto","background-attachment":"scroll","background-type":"","background-media":"","overlay-type":"","overlay-color":"","overlay-opacity":"","overlay-gradient":""},"tablet":{"background-color":"","background-image":"","background-repeat":"repeat","background-position":"center center","background-size":"auto","background-attachment":"scroll","background-type":"","background-media":"","overlay-type":"","overlay-color":"","overlay-opacity":"","overlay-gradient":""},"mobile":{"background-color":"","background-image":"","background-repeat":"repeat","background-position":"center center","background-size":"auto","background-attachment":"scroll","background-type":"","background-media":"","overlay-type":"","overlay-color":"","overlay-opacity":"","overlay-gradient":""}},"ast-content-background-meta":{"desktop":{"background-color":"var(--ast-global-color-5)","background-image":"","background-repeat":"repeat","background-position":"center center","background-size":"auto","background-attachment":"scroll","background-type":"","background-media":"","overlay-type":"","overlay-color":"","overlay-opacity":"","overlay-gradient":""},"tablet":{"background-color":"var(--ast-global-color-5)","background-image":"","background-repeat":"repeat","background-position":"center center","background-size":"auto","background-attachment":"scroll","background-type":"","background-media":"","overlay-type":"","overlay-color":"","overlay-opacity":"","overlay-gradient":""},"mobile":{"background-color":"var(--ast-global-color-5)","background-image":"","background-repeat":"repeat","background-position":"center center","background-size":"auto","background-attachment":"scroll","background-type":"","background-media":"","overlay-type":"","overlay-color":"","overlay-opacity":"","overlay-gradient":""}}},"product_brand":[],"product_cat":[186,195],"product_tag":[206],"class_list":{"0":"post-10056","1":"product","2":"type-product","3":"status-publish","4":"has-post-thumbnail","6":"product_cat-bonsai","7":"product_cat-junges-vor-bonsai","8":"product_tag-acer-palmatum-japanese-maple","9":"desktop-align-left","10":"tablet-align-left","11":"mobile-align-left","13":"first","14":"instock","15":"shipping-taxable","16":"purchasable","17":"product-type-simple"},"acf":[],"yoast_head":"<!-- This site is optimized with the Yoast SEO plugin v27.2 - https:\/\/yoast.com\/product\/yoast-seo-wordpress\/ -->\n<title>Acer palmatum &#039;Ukon&#039; \u2013 Smaragdgr\u00fcner Ahorn Pre-Bonsai<\/title>\n<meta name=\"description\" content=\"Acer palmatum &#039;Ukon&#039; Young Pre-Bonsai kaufen. Der gr\u00fcnste Japanische Ahorn f\u00fcr Bonsai. Leuchtendes Smaragdlaub das ganze Jahr. Stecklingsvermehrt. In Europa verf\u00fcgbar.\" \/>\n<meta name=\"robots\" content=\"index, follow, max-snippet:-1, max-image-preview:large, max-video-preview:-1\" \/>\n<link rel=\"canonical\" href=\"https:\/\/treevaset.com\/de\/produkt\/acer-palmatum-ukon-young-pre-bonsai\/\" \/>\n<meta property=\"og:locale\" content=\"de_DE\" \/>\n<meta property=\"og:type\" content=\"article\" \/>\n<meta property=\"og:title\" content=\"Acer palmatum &#039;Ukon&#039; \u2013 Smaragdgr\u00fcner Ahorn Pre-Bonsai\" \/>\n<meta property=\"og:description\" content=\"Acer palmatum &#039;Ukon&#039; Young Pre-Bonsai kaufen. Der gr\u00fcnste Japanische Ahorn f\u00fcr Bonsai. Leuchtendes Smaragdlaub das ganze Jahr. Stecklingsvermehrt. In Europa verf\u00fcgbar.\" \/>\n<meta property=\"og:url\" content=\"https:\/\/treevaset.com\/de\/produkt\/acer-palmatum-ukon-young-pre-bonsai\/\" \/>\n<meta property=\"og:site_name\" content=\"Treevaset\" \/>\n<meta property=\"article:publisher\" content=\"https:\/\/www.facebook.com\/profile.php?id=61565686834565\" \/>\n<meta property=\"article:modified_time\" content=\"2026-04-29T10:45:31+00:00\" \/>\n<meta property=\"og:image\" content=\"https:\/\/treevaset.com\/wp-content\/uploads\/2026\/04\/acer-palmatum-ukon-emerald-foliage.webp\" \/>\n\t<meta property=\"og:image:width\" content=\"1200\" \/>\n\t<meta property=\"og:image:height\" content=\"1200\" \/>\n\t<meta property=\"og:image:type\" content=\"image\/webp\" \/>\n<meta name=\"twitter:card\" content=\"summary_large_image\" \/>\n<script type=\"application\/ld+json\" class=\"yoast-schema-graph\">{\"@context\":\"https:\/\/schema.org\",\"@graph\":[{\"@type\":\"WebPage\",\"@id\":\"https:\/\/treevaset.com\/de\/produkt\/acer-palmatum-ukon-young-pre-bonsai\/\",\"url\":\"https:\/\/treevaset.com\/de\/produkt\/acer-palmatum-ukon-young-pre-bonsai\/\",\"name\":\"Acer palmatum 'Ukon' \u2013 Smaragdgr\u00fcner Ahorn Pre-Bonsai\",\"isPartOf\":{\"@id\":\"https:\/\/treevaset.com\/de\/#website\"},\"primaryImageOfPage\":{\"@id\":\"https:\/\/treevaset.com\/de\/produkt\/acer-palmatum-ukon-young-pre-bonsai\/#primaryimage\"},\"image\":{\"@id\":\"https:\/\/treevaset.com\/de\/produkt\/acer-palmatum-ukon-young-pre-bonsai\/#primaryimage\"},\"thumbnailUrl\":\"https:\/\/treevaset.com\/wp-content\/uploads\/2026\/04\/acer-palmatum-ukon-emerald-foliage.webp\",\"datePublished\":\"2026-04-27T09:21:56+00:00\",\"dateModified\":\"2026-04-29T10:45:31+00:00\",\"description\":\"Acer palmatum 'Ukon' Young Pre-Bonsai kaufen. Der gr\u00fcnste Japanische Ahorn f\u00fcr Bonsai. Leuchtendes Smaragdlaub das ganze Jahr. Stecklingsvermehrt. In Europa verf\u00fcgbar.\",\"breadcrumb\":{\"@id\":\"https:\/\/treevaset.com\/de\/produkt\/acer-palmatum-ukon-young-pre-bonsai\/#breadcrumb\"},\"inLanguage\":\"de\",\"potentialAction\":[{\"@type\":\"ReadAction\",\"target\":[\"https:\/\/treevaset.com\/de\/produkt\/acer-palmatum-ukon-young-pre-bonsai\/\"]}]},{\"@type\":\"ImageObject\",\"inLanguage\":\"de\",\"@id\":\"https:\/\/treevaset.com\/de\/produkt\/acer-palmatum-ukon-young-pre-bonsai\/#primaryimage\",\"url\":\"https:\/\/treevaset.com\/wp-content\/uploads\/2026\/04\/acer-palmatum-ukon-emerald-foliage.webp\",\"contentUrl\":\"https:\/\/treevaset.com\/wp-content\/uploads\/2026\/04\/acer-palmatum-ukon-emerald-foliage.webp\",\"width\":1200,\"height\":1200,\"caption\":\"Vivid lime-green canopy of Acer palmatum Ukon \u2014 the greenest Japanese maple cultivar\"},{\"@type\":\"BreadcrumbList\",\"@id\":\"https:\/\/treevaset.com\/de\/produkt\/acer-palmatum-ukon-young-pre-bonsai\/#breadcrumb\",\"itemListElement\":[{\"@type\":\"ListItem\",\"position\":1,\"name\":\"Home\",\"item\":\"https:\/\/treevaset.com\/de\/\"},{\"@type\":\"ListItem\",\"position\":2,\"name\":\"Produkte\",\"item\":\"https:\/\/treevaset.com\/de\/shop\/\"},{\"@type\":\"ListItem\",\"position\":3,\"name\":\"Acer palmatum &#8216;Ukon&#8217; \u2013 Japanischer F\u00e4cherahorn f\u00fcr Bonsai (Young Pre-Bonsai)\"}]},{\"@type\":\"WebSite\",\"@id\":\"https:\/\/treevaset.com\/de\/#website\",\"url\":\"https:\/\/treevaset.com\/de\/\",\"name\":\"Treevaset | Anyone Can Play Bonsai\",\"description\":\"Anyone Can Play Bonsai!\",\"publisher\":{\"@id\":\"https:\/\/treevaset.com\/de\/#organization\"},\"alternateName\":\"Treevaset\",\"potentialAction\":[{\"@type\":\"SearchAction\",\"target\":{\"@type\":\"EntryPoint\",\"urlTemplate\":\"https:\/\/treevaset.com\/de\/?s={search_term_string}\"},\"query-input\":{\"@type\":\"PropertyValueSpecification\",\"valueRequired\":true,\"valueName\":\"search_term_string\"}}],\"inLanguage\":\"de\"},{\"@type\":\"Organization\",\"@id\":\"https:\/\/treevaset.com\/de\/#organization\",\"name\":\"Treevaset\",\"alternateName\":\"TreeVaset\",\"url\":\"https:\/\/treevaset.com\/de\/\",\"logo\":{\"@type\":\"ImageObject\",\"inLanguage\":\"de\",\"@id\":\"https:\/\/treevaset.com\/de\/#\/schema\/logo\/image\/\",\"url\":\"\",\"contentUrl\":\"\",\"caption\":\"Treevaset\"},\"image\":{\"@id\":\"https:\/\/treevaset.com\/de\/#\/schema\/logo\/image\/\"},\"sameAs\":[\"https:\/\/www.facebook.com\/profile.php?id=61565686834565\",\"https:\/\/www.instagram.com\/treevaset.bonsai\/\",\"https:\/\/www.instagram.com\/treevaset.it\/\",\"https:\/\/www.instagram.com\/treevaset.de\/\"]}]}<\/script>\n<!-- \/ Yoast SEO plugin. -->","yoast_head_json":{"title":"Acer palmatum 'Ukon' \u2013 Smaragdgr\u00fcner Ahorn Pre-Bonsai","description":"Acer palmatum 'Ukon' Young Pre-Bonsai kaufen. Der gr\u00fcnste Japanische Ahorn f\u00fcr Bonsai. Leuchtendes Smaragdlaub das ganze Jahr. Stecklingsvermehrt. In Europa verf\u00fcgbar.","robots":{"index":"index","follow":"follow","max-snippet":"max-snippet:-1","max-image-preview":"max-image-preview:large","max-video-preview":"max-video-preview:-1"},"canonical":"https:\/\/treevaset.com\/de\/produkt\/acer-palmatum-ukon-young-pre-bonsai\/","og_locale":"de_DE","og_type":"article","og_title":"Acer palmatum 'Ukon' \u2013 Smaragdgr\u00fcner Ahorn Pre-Bonsai","og_description":"Acer palmatum 'Ukon' Young Pre-Bonsai kaufen. Der gr\u00fcnste Japanische Ahorn f\u00fcr Bonsai. Leuchtendes Smaragdlaub das ganze Jahr. Stecklingsvermehrt. In Europa verf\u00fcgbar.","og_url":"https:\/\/treevaset.com\/de\/produkt\/acer-palmatum-ukon-young-pre-bonsai\/","og_site_name":"Treevaset","article_publisher":"https:\/\/www.facebook.com\/profile.php?id=61565686834565","article_modified_time":"2026-04-29T10:45:31+00:00","og_image":[{"width":1200,"height":1200,"url":"https:\/\/treevaset.com\/wp-content\/uploads\/2026\/04\/acer-palmatum-ukon-emerald-foliage.webp","type":"image\/webp"}],"twitter_card":"summary_large_image","schema":{"@context":"https:\/\/schema.org","@graph":[{"@type":"WebPage","@id":"https:\/\/treevaset.com\/de\/produkt\/acer-palmatum-ukon-young-pre-bonsai\/","url":"https:\/\/treevaset.com\/de\/produkt\/acer-palmatum-ukon-young-pre-bonsai\/","name":"Acer palmatum 'Ukon' \u2013 Smaragdgr\u00fcner Ahorn Pre-Bonsai","isPartOf":{"@id":"https:\/\/treevaset.com\/de\/#website"},"primaryImageOfPage":{"@id":"https:\/\/treevaset.com\/de\/produkt\/acer-palmatum-ukon-young-pre-bonsai\/#primaryimage"},"image":{"@id":"https:\/\/treevaset.com\/de\/produkt\/acer-palmatum-ukon-young-pre-bonsai\/#primaryimage"},"thumbnailUrl":"https:\/\/treevaset.com\/wp-content\/uploads\/2026\/04\/acer-palmatum-ukon-emerald-foliage.webp","datePublished":"2026-04-27T09:21:56+00:00","dateModified":"2026-04-29T10:45:31+00:00","description":"Acer palmatum 'Ukon' Young Pre-Bonsai kaufen. Der gr\u00fcnste Japanische Ahorn f\u00fcr Bonsai. Leuchtendes Smaragdlaub das ganze Jahr. Stecklingsvermehrt. In Europa verf\u00fcgbar.","breadcrumb":{"@id":"https:\/\/treevaset.com\/de\/produkt\/acer-palmatum-ukon-young-pre-bonsai\/#breadcrumb"},"inLanguage":"de","potentialAction":[{"@type":"ReadAction","target":["https:\/\/treevaset.com\/de\/produkt\/acer-palmatum-ukon-young-pre-bonsai\/"]}]},{"@type":"ImageObject","inLanguage":"de","@id":"https:\/\/treevaset.com\/de\/produkt\/acer-palmatum-ukon-young-pre-bonsai\/#primaryimage","url":"https:\/\/treevaset.com\/wp-content\/uploads\/2026\/04\/acer-palmatum-ukon-emerald-foliage.webp","contentUrl":"https:\/\/treevaset.com\/wp-content\/uploads\/2026\/04\/acer-palmatum-ukon-emerald-foliage.webp","width":1200,"height":1200,"caption":"Vivid lime-green canopy of Acer palmatum Ukon \u2014 the greenest Japanese maple cultivar"},{"@type":"BreadcrumbList","@id":"https:\/\/treevaset.com\/de\/produkt\/acer-palmatum-ukon-young-pre-bonsai\/#breadcrumb","itemListElement":[{"@type":"ListItem","position":1,"name":"Home","item":"https:\/\/treevaset.com\/de\/"},{"@type":"ListItem","position":2,"name":"Produkte","item":"https:\/\/treevaset.com\/de\/shop\/"},{"@type":"ListItem","position":3,"name":"Acer palmatum &#8216;Ukon&#8217; \u2013 Japanischer F\u00e4cherahorn f\u00fcr Bonsai (Young Pre-Bonsai)"}]},{"@type":"WebSite","@id":"https:\/\/treevaset.com\/de\/#website","url":"https:\/\/treevaset.com\/de\/","name":"Treevaset | Anyone Can Play Bonsai","description":"Anyone Can Play Bonsai!","publisher":{"@id":"https:\/\/treevaset.com\/de\/#organization"},"alternateName":"Treevaset","potentialAction":[{"@type":"SearchAction","target":{"@type":"EntryPoint","urlTemplate":"https:\/\/treevaset.com\/de\/?s={search_term_string}"},"query-input":{"@type":"PropertyValueSpecification","valueRequired":true,"valueName":"search_term_string"}}],"inLanguage":"de"},{"@type":"Organization","@id":"https:\/\/treevaset.com\/de\/#organization","name":"Treevaset","alternateName":"TreeVaset","url":"https:\/\/treevaset.com\/de\/","logo":{"@type":"ImageObject","inLanguage":"de","@id":"https:\/\/treevaset.com\/de\/#\/schema\/logo\/image\/","url":"","contentUrl":"","caption":"Treevaset"},"image":{"@id":"https:\/\/treevaset.com\/de\/#\/schema\/logo\/image\/"},"sameAs":["https:\/\/www.facebook.com\/profile.php?id=61565686834565","https:\/\/www.instagram.com\/treevaset.bonsai\/","https:\/\/www.instagram.com\/treevaset.it\/","https:\/\/www.instagram.com\/treevaset.de\/"]}]}},"_links":{"self":[{"href":"https:\/\/treevaset.com\/de\/wp-json\/wp\/v2\/product\/10056","targetHints":{"allow":["GET"]}}],"collection":[{"href":"https:\/\/treevaset.com\/de\/wp-json\/wp\/v2\/product"}],"about":[{"href":"https:\/\/treevaset.com\/de\/wp-json\/wp\/v2\/types\/product"}],"wp:featuredmedia":[{"embeddable":true,"href":"https:\/\/treevaset.com\/de\/wp-json\/wp\/v2\/media\/10045"}],"wp:attachment":[{"href":"https:\/\/treevaset.com\/de\/wp-json\/wp\/v2\/media?parent=10056"}],"wp:term":[{"taxonomy":"product_brand","embeddable":true,"href":"https:\/\/treevaset.com\/de\/wp-json\/wp\/v2\/product_brand?post=10056"},{"taxonomy":"product_cat","embeddable":true,"href":"https:\/\/treevaset.com\/de\/wp-json\/wp\/v2\/product_cat?post=10056"},{"taxonomy":"product_tag","embeddable":true,"href":"https:\/\/treevaset.com\/de\/wp-json\/wp\/v2\/product_tag?post=10056"}],"curies":[{"name":"wp","href":"https:\/\/api.w.org\/{rel}","templated":true}]}}