{"id":6461,"date":"2024-12-03T20:50:13","date_gmt":"2024-12-03T20:50:13","guid":{"rendered":"https:\/\/treevaset.com\/product\/taxus-baccata-europaeische-eibe-junges-vor-bonsai\/"},"modified":"2025-11-15T20:52:13","modified_gmt":"2025-11-15T19:52:13","slug":"taxus-baccata-junges-vor-bonsai","status":"publish","type":"product","link":"https:\/\/treevaset.com\/de\/produkt\/taxus-baccata-junges-vor-bonsai\/","title":{"rendered":"Europ\u00e4ische Eibe (Taxus Baccata) \u2013 Junges Vor-Bonsai"},"content":{"rendered":"","protected":false},"excerpt":{"rendered":"<p><em data-start=\"522\" data-end=\"537\">Taxus baccata<\/em>, die Europ\u00e4ische Eibe, ist eine langsam wachsende, immergr\u00fcne Art mit dichter Belaubung und elegantem Stamm. Aus Samen gezogen und nach St\u00e4rke und feiner Struktur ausgew\u00e4hlt. Ein klassischer Bonsai, der Geduld und Pr\u00e4zision belohnt.<\/p>\n","protected":false},"featured_media":6456,"template":"","meta":{"_acf_changed":false,"site-sidebar-layout":"default","site-content-layout":"","ast-site-content-layout":"default","site-content-style":"default","site-sidebar-style":"default","ast-global-header-display":"","ast-banner-title-visibility":"","ast-main-header-display":"","ast-hfb-above-header-display":"","ast-hfb-below-header-display":"","ast-hfb-mobile-header-display":"","site-post-title":"","ast-breadcrumbs-content":"","ast-featured-img":"","footer-sml-layout":"","theme-transparent-header-meta":"default","adv-header-id-meta":"","stick-header-meta":"","header-above-stick-meta":"","header-main-stick-meta":"","header-below-stick-meta":"","astra-migrate-meta-layouts":"set","ast-page-background-enabled":"default","ast-page-background-meta":{"desktop":{"background-color":"var(--ast-global-color-4)","background-image":"","background-repeat":"repeat","background-position":"center center","background-size":"auto","background-attachment":"scroll","background-type":"","background-media":"","overlay-type":"","overlay-color":"","overlay-opacity":"","overlay-gradient":""},"tablet":{"background-color":"","background-image":"","background-repeat":"repeat","background-position":"center center","background-size":"auto","background-attachment":"scroll","background-type":"","background-media":"","overlay-type":"","overlay-color":"","overlay-opacity":"","overlay-gradient":""},"mobile":{"background-color":"","background-image":"","background-repeat":"repeat","background-position":"center center","background-size":"auto","background-attachment":"scroll","background-type":"","background-media":"","overlay-type":"","overlay-color":"","overlay-opacity":"","overlay-gradient":""}},"ast-content-background-meta":{"desktop":{"background-color":"var(--ast-global-color-5)","background-image":"","background-repeat":"repeat","background-position":"center center","background-size":"auto","background-attachment":"scroll","background-type":"","background-media":"","overlay-type":"","overlay-color":"","overlay-opacity":"","overlay-gradient":""},"tablet":{"background-color":"var(--ast-global-color-5)","background-image":"","background-repeat":"repeat","background-position":"center center","background-size":"auto","background-attachment":"scroll","background-type":"","background-media":"","overlay-type":"","overlay-color":"","overlay-opacity":"","overlay-gradient":""},"mobile":{"background-color":"var(--ast-global-color-5)","background-image":"","background-repeat":"repeat","background-position":"center center","background-size":"auto","background-attachment":"scroll","background-type":"","background-media":"","overlay-type":"","overlay-color":"","overlay-opacity":"","overlay-gradient":""}}},"product_brand":[190],"product_cat":[186,195],"product_tag":[199],"class_list":{"0":"post-6461","1":"product","2":"type-product","3":"status-publish","4":"has-post-thumbnail","6":"product_brand-treevaset","7":"product_cat-bonsai","8":"product_cat-junges-vor-bonsai","9":"product_tag-taxus-baccata-yew","10":"pa_style-informal-upright","11":"desktop-align-left","12":"tablet-align-left","13":"mobile-align-left","15":"first","16":"instock","17":"shipping-taxable","18":"purchasable","19":"product-type-simple"},"acf":[],"yoast_head":"<!-- This site is optimized with the Yoast SEO plugin v27.2 - https:\/\/yoast.com\/product\/yoast-seo-wordpress\/ -->\n<title>Taxus baccata (Europ\u00e4ische Eibe) \u2013 Junges Vor-Bonsai | Treevaset<\/title>\n<meta name=\"description\" content=\"Entdecken Sie unseren Taxus baccata Vor-Bonsai, eine elegante, immergr\u00fcne Europ\u00e4ische Eibe mit gro\u00dfem Potenzial f\u00fcr die Bonsai-Gestaltung.\" \/>\n<meta name=\"robots\" content=\"index, follow, max-snippet:-1, max-image-preview:large, max-video-preview:-1\" \/>\n<link rel=\"canonical\" href=\"https:\/\/treevaset.com\/de\/produkt\/taxus-baccata-junges-vor-bonsai\/\" \/>\n<meta property=\"og:locale\" content=\"de_DE\" \/>\n<meta property=\"og:type\" content=\"article\" \/>\n<meta property=\"og:title\" content=\"Taxus baccata (Europ\u00e4ische Eibe) \u2013 Junges Vor-Bonsai | Treevaset\" \/>\n<meta property=\"og:description\" content=\"Entdecken Sie unseren Taxus baccata Vor-Bonsai, eine elegante, immergr\u00fcne Europ\u00e4ische Eibe mit gro\u00dfem Potenzial f\u00fcr die Bonsai-Gestaltung.\" \/>\n<meta property=\"og:url\" content=\"https:\/\/treevaset.com\/de\/produkt\/taxus-baccata-junges-vor-bonsai\/\" \/>\n<meta property=\"og:site_name\" content=\"Treevaset\" \/>\n<meta property=\"article:publisher\" content=\"https:\/\/www.facebook.com\/profile.php?id=61565686834565\" \/>\n<meta property=\"article:modified_time\" content=\"2025-11-15T19:52:13+00:00\" \/>\n<meta property=\"og:image\" content=\"https:\/\/treevaset.com\/wp-content\/uploads\/2024\/12\/Taxus-baccata-Young-Pre-Bonsai-\u2013-European-Yew-Starter-Tree.png\" \/>\n\t<meta property=\"og:image:width\" content=\"1024\" \/>\n\t<meta property=\"og:image:height\" content=\"1024\" \/>\n\t<meta property=\"og:image:type\" content=\"image\/png\" \/>\n<meta name=\"twitter:card\" content=\"summary_large_image\" \/>\n<meta name=\"twitter:label1\" content=\"Gesch\u00e4tzte Lesezeit\" \/>\n\t<meta name=\"twitter:data1\" content=\"1\u00a0Minute\" \/>\n<script type=\"application\/ld+json\" class=\"yoast-schema-graph\">{\"@context\":\"https:\/\/schema.org\",\"@graph\":[{\"@type\":\"WebPage\",\"@id\":\"https:\/\/treevaset.com\/de\/produkt\/taxus-baccata-junges-vor-bonsai\/\",\"url\":\"https:\/\/treevaset.com\/de\/produkt\/taxus-baccata-junges-vor-bonsai\/\",\"name\":\"Taxus baccata (Europ\u00e4ische Eibe) \u2013 Junges Vor-Bonsai | Treevaset\",\"isPartOf\":{\"@id\":\"https:\/\/treevaset.com\/de\/#website\"},\"primaryImageOfPage\":{\"@id\":\"https:\/\/treevaset.com\/de\/produkt\/taxus-baccata-junges-vor-bonsai\/#primaryimage\"},\"image\":{\"@id\":\"https:\/\/treevaset.com\/de\/produkt\/taxus-baccata-junges-vor-bonsai\/#primaryimage\"},\"thumbnailUrl\":\"https:\/\/treevaset.com\/wp-content\/uploads\/2024\/12\/Taxus-baccata-Young-Pre-Bonsai-\u2013-European-Yew-Starter-Tree.png\",\"datePublished\":\"2024-12-03T20:50:13+00:00\",\"dateModified\":\"2025-11-15T19:52:13+00:00\",\"description\":\"Entdecken Sie unseren Taxus baccata Vor-Bonsai, eine elegante, immergr\u00fcne Europ\u00e4ische Eibe mit gro\u00dfem Potenzial f\u00fcr die Bonsai-Gestaltung.\",\"breadcrumb\":{\"@id\":\"https:\/\/treevaset.com\/de\/produkt\/taxus-baccata-junges-vor-bonsai\/#breadcrumb\"},\"inLanguage\":\"de\",\"potentialAction\":[{\"@type\":\"ReadAction\",\"target\":[\"https:\/\/treevaset.com\/de\/produkt\/taxus-baccata-junges-vor-bonsai\/\"]}]},{\"@type\":\"ImageObject\",\"inLanguage\":\"de\",\"@id\":\"https:\/\/treevaset.com\/de\/produkt\/taxus-baccata-junges-vor-bonsai\/#primaryimage\",\"url\":\"https:\/\/treevaset.com\/wp-content\/uploads\/2024\/12\/Taxus-baccata-Young-Pre-Bonsai-\u2013-European-Yew-Starter-Tree.png\",\"contentUrl\":\"https:\/\/treevaset.com\/wp-content\/uploads\/2024\/12\/Taxus-baccata-Young-Pre-Bonsai-\u2013-European-Yew-Starter-Tree.png\",\"width\":1024,\"height\":1024,\"caption\":\"Taxus baccata \u2013 junger Vor-Bonsai mit harmonischem Wuchs und kr\u00e4ftigem Charakter.\"},{\"@type\":\"BreadcrumbList\",\"@id\":\"https:\/\/treevaset.com\/de\/produkt\/taxus-baccata-junges-vor-bonsai\/#breadcrumb\",\"itemListElement\":[{\"@type\":\"ListItem\",\"position\":1,\"name\":\"Home\",\"item\":\"https:\/\/treevaset.com\/de\/\"},{\"@type\":\"ListItem\",\"position\":2,\"name\":\"Produkte\",\"item\":\"https:\/\/treevaset.com\/de\/shop\/\"},{\"@type\":\"ListItem\",\"position\":3,\"name\":\"Europ\u00e4ische Eibe (Taxus Baccata) \u2013 Junges Vor-Bonsai\"}]},{\"@type\":\"WebSite\",\"@id\":\"https:\/\/treevaset.com\/de\/#website\",\"url\":\"https:\/\/treevaset.com\/de\/\",\"name\":\"Treevaset | Anyone Can Play Bonsai\",\"description\":\"Anyone Can Play Bonsai!\",\"publisher\":{\"@id\":\"https:\/\/treevaset.com\/de\/#organization\"},\"alternateName\":\"Treevaset\",\"potentialAction\":[{\"@type\":\"SearchAction\",\"target\":{\"@type\":\"EntryPoint\",\"urlTemplate\":\"https:\/\/treevaset.com\/de\/?s={search_term_string}\"},\"query-input\":{\"@type\":\"PropertyValueSpecification\",\"valueRequired\":true,\"valueName\":\"search_term_string\"}}],\"inLanguage\":\"de\"},{\"@type\":\"Organization\",\"@id\":\"https:\/\/treevaset.com\/de\/#organization\",\"name\":\"Treevaset\",\"alternateName\":\"TreeVaset\",\"url\":\"https:\/\/treevaset.com\/de\/\",\"logo\":{\"@type\":\"ImageObject\",\"inLanguage\":\"de\",\"@id\":\"https:\/\/treevaset.com\/de\/#\/schema\/logo\/image\/\",\"url\":\"\",\"contentUrl\":\"\",\"caption\":\"Treevaset\"},\"image\":{\"@id\":\"https:\/\/treevaset.com\/de\/#\/schema\/logo\/image\/\"},\"sameAs\":[\"https:\/\/www.facebook.com\/profile.php?id=61565686834565\",\"https:\/\/www.instagram.com\/treevaset.bonsai\/\",\"https:\/\/www.instagram.com\/treevaset.it\/\",\"https:\/\/www.instagram.com\/treevaset.de\/\"]}]}<\/script>\n<!-- \/ Yoast SEO plugin. -->","yoast_head_json":{"title":"Taxus baccata (Europ\u00e4ische Eibe) \u2013 Junges Vor-Bonsai | Treevaset","description":"Entdecken Sie unseren Taxus baccata Vor-Bonsai, eine elegante, immergr\u00fcne Europ\u00e4ische Eibe mit gro\u00dfem Potenzial f\u00fcr die Bonsai-Gestaltung.","robots":{"index":"index","follow":"follow","max-snippet":"max-snippet:-1","max-image-preview":"max-image-preview:large","max-video-preview":"max-video-preview:-1"},"canonical":"https:\/\/treevaset.com\/de\/produkt\/taxus-baccata-junges-vor-bonsai\/","og_locale":"de_DE","og_type":"article","og_title":"Taxus baccata (Europ\u00e4ische Eibe) \u2013 Junges Vor-Bonsai | Treevaset","og_description":"Entdecken Sie unseren Taxus baccata Vor-Bonsai, eine elegante, immergr\u00fcne Europ\u00e4ische Eibe mit gro\u00dfem Potenzial f\u00fcr die Bonsai-Gestaltung.","og_url":"https:\/\/treevaset.com\/de\/produkt\/taxus-baccata-junges-vor-bonsai\/","og_site_name":"Treevaset","article_publisher":"https:\/\/www.facebook.com\/profile.php?id=61565686834565","article_modified_time":"2025-11-15T19:52:13+00:00","og_image":[{"width":1024,"height":1024,"url":"https:\/\/treevaset.com\/wp-content\/uploads\/2024\/12\/Taxus-baccata-Young-Pre-Bonsai-\u2013-European-Yew-Starter-Tree.png","type":"image\/png"}],"twitter_card":"summary_large_image","twitter_misc":{"Gesch\u00e4tzte Lesezeit":"1\u00a0Minute"},"schema":{"@context":"https:\/\/schema.org","@graph":[{"@type":"WebPage","@id":"https:\/\/treevaset.com\/de\/produkt\/taxus-baccata-junges-vor-bonsai\/","url":"https:\/\/treevaset.com\/de\/produkt\/taxus-baccata-junges-vor-bonsai\/","name":"Taxus baccata (Europ\u00e4ische Eibe) \u2013 Junges Vor-Bonsai | Treevaset","isPartOf":{"@id":"https:\/\/treevaset.com\/de\/#website"},"primaryImageOfPage":{"@id":"https:\/\/treevaset.com\/de\/produkt\/taxus-baccata-junges-vor-bonsai\/#primaryimage"},"image":{"@id":"https:\/\/treevaset.com\/de\/produkt\/taxus-baccata-junges-vor-bonsai\/#primaryimage"},"thumbnailUrl":"https:\/\/treevaset.com\/wp-content\/uploads\/2024\/12\/Taxus-baccata-Young-Pre-Bonsai-\u2013-European-Yew-Starter-Tree.png","datePublished":"2024-12-03T20:50:13+00:00","dateModified":"2025-11-15T19:52:13+00:00","description":"Entdecken Sie unseren Taxus baccata Vor-Bonsai, eine elegante, immergr\u00fcne Europ\u00e4ische Eibe mit gro\u00dfem Potenzial f\u00fcr die Bonsai-Gestaltung.","breadcrumb":{"@id":"https:\/\/treevaset.com\/de\/produkt\/taxus-baccata-junges-vor-bonsai\/#breadcrumb"},"inLanguage":"de","potentialAction":[{"@type":"ReadAction","target":["https:\/\/treevaset.com\/de\/produkt\/taxus-baccata-junges-vor-bonsai\/"]}]},{"@type":"ImageObject","inLanguage":"de","@id":"https:\/\/treevaset.com\/de\/produkt\/taxus-baccata-junges-vor-bonsai\/#primaryimage","url":"https:\/\/treevaset.com\/wp-content\/uploads\/2024\/12\/Taxus-baccata-Young-Pre-Bonsai-\u2013-European-Yew-Starter-Tree.png","contentUrl":"https:\/\/treevaset.com\/wp-content\/uploads\/2024\/12\/Taxus-baccata-Young-Pre-Bonsai-\u2013-European-Yew-Starter-Tree.png","width":1024,"height":1024,"caption":"Taxus baccata \u2013 junger Vor-Bonsai mit harmonischem Wuchs und kr\u00e4ftigem Charakter."},{"@type":"BreadcrumbList","@id":"https:\/\/treevaset.com\/de\/produkt\/taxus-baccata-junges-vor-bonsai\/#breadcrumb","itemListElement":[{"@type":"ListItem","position":1,"name":"Home","item":"https:\/\/treevaset.com\/de\/"},{"@type":"ListItem","position":2,"name":"Produkte","item":"https:\/\/treevaset.com\/de\/shop\/"},{"@type":"ListItem","position":3,"name":"Europ\u00e4ische Eibe (Taxus Baccata) \u2013 Junges Vor-Bonsai"}]},{"@type":"WebSite","@id":"https:\/\/treevaset.com\/de\/#website","url":"https:\/\/treevaset.com\/de\/","name":"Treevaset | Anyone Can Play Bonsai","description":"Anyone Can Play Bonsai!","publisher":{"@id":"https:\/\/treevaset.com\/de\/#organization"},"alternateName":"Treevaset","potentialAction":[{"@type":"SearchAction","target":{"@type":"EntryPoint","urlTemplate":"https:\/\/treevaset.com\/de\/?s={search_term_string}"},"query-input":{"@type":"PropertyValueSpecification","valueRequired":true,"valueName":"search_term_string"}}],"inLanguage":"de"},{"@type":"Organization","@id":"https:\/\/treevaset.com\/de\/#organization","name":"Treevaset","alternateName":"TreeVaset","url":"https:\/\/treevaset.com\/de\/","logo":{"@type":"ImageObject","inLanguage":"de","@id":"https:\/\/treevaset.com\/de\/#\/schema\/logo\/image\/","url":"","contentUrl":"","caption":"Treevaset"},"image":{"@id":"https:\/\/treevaset.com\/de\/#\/schema\/logo\/image\/"},"sameAs":["https:\/\/www.facebook.com\/profile.php?id=61565686834565","https:\/\/www.instagram.com\/treevaset.bonsai\/","https:\/\/www.instagram.com\/treevaset.it\/","https:\/\/www.instagram.com\/treevaset.de\/"]}]}},"_links":{"self":[{"href":"https:\/\/treevaset.com\/de\/wp-json\/wp\/v2\/product\/6461","targetHints":{"allow":["GET"]}}],"collection":[{"href":"https:\/\/treevaset.com\/de\/wp-json\/wp\/v2\/product"}],"about":[{"href":"https:\/\/treevaset.com\/de\/wp-json\/wp\/v2\/types\/product"}],"wp:featuredmedia":[{"embeddable":true,"href":"https:\/\/treevaset.com\/de\/wp-json\/wp\/v2\/media\/6456"}],"wp:attachment":[{"href":"https:\/\/treevaset.com\/de\/wp-json\/wp\/v2\/media?parent=6461"}],"wp:term":[{"taxonomy":"product_brand","embeddable":true,"href":"https:\/\/treevaset.com\/de\/wp-json\/wp\/v2\/product_brand?post=6461"},{"taxonomy":"product_cat","embeddable":true,"href":"https:\/\/treevaset.com\/de\/wp-json\/wp\/v2\/product_cat?post=6461"},{"taxonomy":"product_tag","embeddable":true,"href":"https:\/\/treevaset.com\/de\/wp-json\/wp\/v2\/product_tag?post=6461"}],"curies":[{"name":"wp","href":"https:\/\/api.w.org\/{rel}","templated":true}]}}