{"id":6492,"date":"2024-12-03T20:56:19","date_gmt":"2024-12-03T20:56:19","guid":{"rendered":"https:\/\/treevaset.com\/product\/europaeische-laerche-larix-decidua-junges-vor-bonsai\/"},"modified":"2025-11-16T20:49:02","modified_gmt":"2025-11-16T19:49:02","slug":"larix-decidua-junges-vor-bonsai","status":"publish","type":"product","link":"https:\/\/treevaset.com\/de\/produkt\/larix-decidua-junges-vor-bonsai\/","title":{"rendered":"Europ\u00e4ische L\u00e4rche (Larix decidua) \u2013 Junges Vor-Bonsai"},"content":{"rendered":"","protected":false},"excerpt":{"rendered":"<p>Unsere jungen <em data-start=\"628\" data-end=\"643\">Larix decidua<\/em> werden aus Samen gezogen und nach Vitalit\u00e4t, feiner Verzweigung und saisonaler Sch\u00f6nheit ausgew\u00e4hlt. Bekannt als Europ\u00e4ische L\u00e4rche vereint diese sommergr\u00fcne Konifere St\u00e4rke und Eleganz, mit hellgr\u00fcnen Nadeln im Fr\u00fchling, die sich im Herbst goldgelb f\u00e4rben. Ideal f\u00fcr das Bonsai-Training: Sie k\u00f6nnen den Baum von Anfang an formen und seine Entwicklung \u00fcber die Jahre begleiten.<\/p>\n","protected":false},"featured_media":6486,"template":"","meta":{"_acf_changed":false,"site-sidebar-layout":"default","site-content-layout":"","ast-site-content-layout":"default","site-content-style":"default","site-sidebar-style":"default","ast-global-header-display":"","ast-banner-title-visibility":"","ast-main-header-display":"","ast-hfb-above-header-display":"","ast-hfb-below-header-display":"","ast-hfb-mobile-header-display":"","site-post-title":"","ast-breadcrumbs-content":"","ast-featured-img":"","footer-sml-layout":"","ast-disable-related-posts":"","theme-transparent-header-meta":"default","adv-header-id-meta":"","stick-header-meta":"","header-above-stick-meta":"","header-main-stick-meta":"","header-below-stick-meta":"","astra-migrate-meta-layouts":"set","ast-page-background-enabled":"default","ast-page-background-meta":{"desktop":{"background-color":"var(--ast-global-color-4)","background-image":"","background-repeat":"repeat","background-position":"center center","background-size":"auto","background-attachment":"scroll","background-type":"","background-media":"","overlay-type":"","overlay-color":"","overlay-opacity":"","overlay-gradient":""},"tablet":{"background-color":"","background-image":"","background-repeat":"repeat","background-position":"center center","background-size":"auto","background-attachment":"scroll","background-type":"","background-media":"","overlay-type":"","overlay-color":"","overlay-opacity":"","overlay-gradient":""},"mobile":{"background-color":"","background-image":"","background-repeat":"repeat","background-position":"center center","background-size":"auto","background-attachment":"scroll","background-type":"","background-media":"","overlay-type":"","overlay-color":"","overlay-opacity":"","overlay-gradient":""}},"ast-content-background-meta":{"desktop":{"background-color":"var(--ast-global-color-5)","background-image":"","background-repeat":"repeat","background-position":"center center","background-size":"auto","background-attachment":"scroll","background-type":"","background-media":"","overlay-type":"","overlay-color":"","overlay-opacity":"","overlay-gradient":""},"tablet":{"background-color":"var(--ast-global-color-5)","background-image":"","background-repeat":"repeat","background-position":"center center","background-size":"auto","background-attachment":"scroll","background-type":"","background-media":"","overlay-type":"","overlay-color":"","overlay-opacity":"","overlay-gradient":""},"mobile":{"background-color":"var(--ast-global-color-5)","background-image":"","background-repeat":"repeat","background-position":"center center","background-size":"auto","background-attachment":"scroll","background-type":"","background-media":"","overlay-type":"","overlay-color":"","overlay-opacity":"","overlay-gradient":""}}},"product_brand":[190],"product_cat":[186,195],"product_tag":[201],"class_list":{"0":"post-6492","1":"product","2":"type-product","3":"status-publish","4":"has-post-thumbnail","6":"product_brand-treevaset","7":"product_cat-bonsai","8":"product_cat-junges-vor-bonsai","9":"product_tag-larix-decidua-larch","10":"pa_style-informal-upright","11":"desktop-align-left","12":"tablet-align-left","13":"mobile-align-left","15":"first","16":"instock","17":"shipping-taxable","18":"purchasable","19":"product-type-simple"},"acf":[],"yoast_head":"<!-- This site is optimized with the Yoast SEO plugin v27.5 - https:\/\/yoast.com\/product\/yoast-seo-wordpress\/ -->\n<title>Europ\u00e4ische L\u00e4rche (Larix decidua) \u2013 Junges Vor-Bonsai<\/title>\n<meta name=\"description\" content=\"Entdecken Sie die Sch\u00f6nheit der Europ\u00e4ischen L\u00e4rche (Larix decidua). Eine robuste, schnell wachsende Jungpflanze. Ideal f\u00fcr das Bonsai-Training!\" \/>\n<meta name=\"robots\" content=\"index, follow, max-snippet:-1, max-image-preview:large, max-video-preview:-1\" \/>\n<link rel=\"canonical\" href=\"https:\/\/treevaset.com\/de\/produkt\/larix-decidua-junges-vor-bonsai\/\" \/>\n<meta property=\"og:locale\" content=\"de_DE\" \/>\n<meta property=\"og:type\" content=\"article\" \/>\n<meta property=\"og:title\" content=\"Europ\u00e4ische L\u00e4rche (Larix decidua) \u2013 Junges Vor-Bonsai\" \/>\n<meta property=\"og:description\" content=\"Entdecken Sie die Sch\u00f6nheit der Europ\u00e4ischen L\u00e4rche (Larix decidua). Eine robuste, schnell wachsende Jungpflanze. Ideal f\u00fcr das Bonsai-Training!\" \/>\n<meta property=\"og:url\" content=\"https:\/\/treevaset.com\/de\/produkt\/larix-decidua-junges-vor-bonsai\/\" \/>\n<meta property=\"og:site_name\" content=\"Treevaset\" \/>\n<meta property=\"article:modified_time\" content=\"2025-11-16T19:49:02+00:00\" \/>\n<meta property=\"og:image\" content=\"https:\/\/treevaset.com\/wp-content\/uploads\/2024\/12\/Larix-decidua-\u2013-Young-Pre-Bonsai-in-pot.png\" \/>\n\t<meta property=\"og:image:width\" content=\"1024\" \/>\n\t<meta property=\"og:image:height\" content=\"1024\" \/>\n\t<meta property=\"og:image:type\" content=\"image\/png\" \/>\n<meta name=\"twitter:card\" content=\"summary_large_image\" \/>\n<meta name=\"twitter:label1\" content=\"Gesch\u00e4tzte Lesezeit\" \/>\n\t<meta name=\"twitter:data1\" content=\"1\u00a0Minute\" \/>\n<script type=\"application\/ld+json\" class=\"yoast-schema-graph\">{\"@context\":\"https:\\\/\\\/schema.org\",\"@graph\":[{\"@type\":\"WebPage\",\"@id\":\"https:\\\/\\\/treevaset.com\\\/de\\\/produkt\\\/larix-decidua-junges-vor-bonsai\\\/\",\"url\":\"https:\\\/\\\/treevaset.com\\\/de\\\/produkt\\\/larix-decidua-junges-vor-bonsai\\\/\",\"name\":\"Europ\u00e4ische L\u00e4rche (Larix decidua) \u2013 Junges Vor-Bonsai\",\"isPartOf\":{\"@id\":\"https:\\\/\\\/treevaset.com\\\/de\\\/#website\"},\"primaryImageOfPage\":{\"@id\":\"https:\\\/\\\/treevaset.com\\\/de\\\/produkt\\\/larix-decidua-junges-vor-bonsai\\\/#primaryimage\"},\"image\":{\"@id\":\"https:\\\/\\\/treevaset.com\\\/de\\\/produkt\\\/larix-decidua-junges-vor-bonsai\\\/#primaryimage\"},\"thumbnailUrl\":\"https:\\\/\\\/treevaset.com\\\/wp-content\\\/uploads\\\/2024\\\/12\\\/Larix-decidua-\u2013-Young-Pre-Bonsai-in-pot.png\",\"datePublished\":\"2024-12-03T20:56:19+00:00\",\"dateModified\":\"2025-11-16T19:49:02+00:00\",\"description\":\"Entdecken Sie die Sch\u00f6nheit der Europ\u00e4ischen L\u00e4rche (Larix decidua). Eine robuste, schnell wachsende Jungpflanze. Ideal f\u00fcr das Bonsai-Training!\",\"breadcrumb\":{\"@id\":\"https:\\\/\\\/treevaset.com\\\/de\\\/produkt\\\/larix-decidua-junges-vor-bonsai\\\/#breadcrumb\"},\"inLanguage\":\"de\",\"potentialAction\":[{\"@type\":\"ReadAction\",\"target\":[\"https:\\\/\\\/treevaset.com\\\/de\\\/produkt\\\/larix-decidua-junges-vor-bonsai\\\/\"]}]},{\"@type\":\"ImageObject\",\"inLanguage\":\"de\",\"@id\":\"https:\\\/\\\/treevaset.com\\\/de\\\/produkt\\\/larix-decidua-junges-vor-bonsai\\\/#primaryimage\",\"url\":\"https:\\\/\\\/treevaset.com\\\/wp-content\\\/uploads\\\/2024\\\/12\\\/Larix-decidua-\u2013-Young-Pre-Bonsai-in-pot.png\",\"contentUrl\":\"https:\\\/\\\/treevaset.com\\\/wp-content\\\/uploads\\\/2024\\\/12\\\/Larix-decidua-\u2013-Young-Pre-Bonsai-in-pot.png\",\"width\":1024,\"height\":1024,\"caption\":\"Larix decidua (Europ\u00e4ische L\u00e4rche) \u2013 junger Vor-Bonsai aus Samen gezogen, perfekt f\u00fcr Einsteiger.\"},{\"@type\":\"BreadcrumbList\",\"@id\":\"https:\\\/\\\/treevaset.com\\\/de\\\/produkt\\\/larix-decidua-junges-vor-bonsai\\\/#breadcrumb\",\"itemListElement\":[{\"@type\":\"ListItem\",\"position\":1,\"name\":\"Home\",\"item\":\"https:\\\/\\\/treevaset.com\\\/de\\\/\"},{\"@type\":\"ListItem\",\"position\":2,\"name\":\"Produkte\",\"item\":\"https:\\\/\\\/treevaset.com\\\/de\\\/shop\\\/\"},{\"@type\":\"ListItem\",\"position\":3,\"name\":\"Europ\u00e4ische L\u00e4rche (Larix decidua) \u2013 Junges Vor-Bonsai\"}]},{\"@type\":\"WebSite\",\"@id\":\"https:\\\/\\\/treevaset.com\\\/de\\\/#website\",\"url\":\"https:\\\/\\\/treevaset.com\\\/de\\\/\",\"name\":\"Treevaset | Anyone Can Play Bonsai\",\"description\":\"Anyone Can Play Bonsai!\",\"publisher\":{\"@id\":\"https:\\\/\\\/treevaset.com\\\/de\\\/#organization\"},\"alternateName\":\"Treevaset\",\"potentialAction\":[{\"@type\":\"SearchAction\",\"target\":{\"@type\":\"EntryPoint\",\"urlTemplate\":\"https:\\\/\\\/treevaset.com\\\/de\\\/?s={search_term_string}\"},\"query-input\":{\"@type\":\"PropertyValueSpecification\",\"valueRequired\":true,\"valueName\":\"search_term_string\"}}],\"inLanguage\":\"de\"},{\"@type\":\"Organization\",\"@id\":\"https:\\\/\\\/treevaset.com\\\/de\\\/#organization\",\"name\":\"Treevaset\",\"alternateName\":\"TreeVaset\",\"url\":\"https:\\\/\\\/treevaset.com\\\/de\\\/\",\"logo\":{\"@type\":\"ImageObject\",\"@id\":\"https:\\\/\\\/treevaset.com\\\/#\\\/schema\\\/logo\",\"url\":\"https:\\\/\\\/treevaset.com\\\/wp-content\\\/uploads\\\/2024\\\/09\\\/Treevaset-Logo-\u2013-Bonsai-Sets-Online-Bonsai-Shop.webp\",\"contentUrl\":\"https:\\\/\\\/treevaset.com\\\/wp-content\\\/uploads\\\/2024\\\/09\\\/Treevaset-Logo-\u2013-Bonsai-Sets-Online-Bonsai-Shop.webp\",\"caption\":\"Treevaset\",\"inLanguage\":\"en-US\"},\"image\":{\"@id\":\"https:\\\/\\\/treevaset.com\\\/de\\\/#\\\/schema\\\/logo\\\/image\\\/\"},\"sameAs\":[\"https:\\\/\\\/www.youtube.com\\\/@LucaTreevaset\"],\"founder\":{\"@type\":\"Person\",\"@id\":\"https:\\\/\\\/treevaset.com\\\/#\\\/schema\\\/person\\\/e56a81d6286e1ca0c57664188a7f7721\",\"name\":\"Luca Valagussa\"},\"description\":\"European specialist in rare Acer palmatum cultivars for bonsai. Young pre-bonsai shipped across Europe.\",\"email\":\"luca@treevaset.com\",\"telephone\":\"+393456149892\",\"address\":{\"@type\":\"PostalAddress\",\"streetAddress\":\"Via Vespucci 26\\\/a\",\"addressLocality\":\"Merate\",\"addressRegion\":\"Lecco\",\"postalCode\":\"23807\",\"addressCountry\":\"IT\"},\"contactPoint\":{\"@type\":\"ContactPoint\",\"contactType\":\"customer service\",\"email\":\"luca@treevaset.com\",\"telephone\":\"+393456149892\",\"areaServed\":\"EU\",\"availableLanguage\":[\"English\",\"Italian\",\"German\"]}}]}<\/script>\n<!-- \/ Yoast SEO plugin. -->","yoast_head_json":{"title":"Europ\u00e4ische L\u00e4rche (Larix decidua) \u2013 Junges Vor-Bonsai","description":"Entdecken Sie die Sch\u00f6nheit der Europ\u00e4ischen L\u00e4rche (Larix decidua). Eine robuste, schnell wachsende Jungpflanze. Ideal f\u00fcr das Bonsai-Training!","robots":{"index":"index","follow":"follow","max-snippet":"max-snippet:-1","max-image-preview":"max-image-preview:large","max-video-preview":"max-video-preview:-1"},"canonical":"https:\/\/treevaset.com\/de\/produkt\/larix-decidua-junges-vor-bonsai\/","og_locale":"de_DE","og_type":"article","og_title":"Europ\u00e4ische L\u00e4rche (Larix decidua) \u2013 Junges Vor-Bonsai","og_description":"Entdecken Sie die Sch\u00f6nheit der Europ\u00e4ischen L\u00e4rche (Larix decidua). Eine robuste, schnell wachsende Jungpflanze. Ideal f\u00fcr das Bonsai-Training!","og_url":"https:\/\/treevaset.com\/de\/produkt\/larix-decidua-junges-vor-bonsai\/","og_site_name":"Treevaset","article_modified_time":"2025-11-16T19:49:02+00:00","og_image":[{"width":1024,"height":1024,"url":"https:\/\/treevaset.com\/wp-content\/uploads\/2024\/12\/Larix-decidua-\u2013-Young-Pre-Bonsai-in-pot.png","type":"image\/png"}],"twitter_card":"summary_large_image","twitter_misc":{"Gesch\u00e4tzte Lesezeit":"1\u00a0Minute"},"schema":{"@context":"https:\/\/schema.org","@graph":[{"@type":"WebPage","@id":"https:\/\/treevaset.com\/de\/produkt\/larix-decidua-junges-vor-bonsai\/","url":"https:\/\/treevaset.com\/de\/produkt\/larix-decidua-junges-vor-bonsai\/","name":"Europ\u00e4ische L\u00e4rche (Larix decidua) \u2013 Junges Vor-Bonsai","isPartOf":{"@id":"https:\/\/treevaset.com\/de\/#website"},"primaryImageOfPage":{"@id":"https:\/\/treevaset.com\/de\/produkt\/larix-decidua-junges-vor-bonsai\/#primaryimage"},"image":{"@id":"https:\/\/treevaset.com\/de\/produkt\/larix-decidua-junges-vor-bonsai\/#primaryimage"},"thumbnailUrl":"https:\/\/treevaset.com\/wp-content\/uploads\/2024\/12\/Larix-decidua-\u2013-Young-Pre-Bonsai-in-pot.png","datePublished":"2024-12-03T20:56:19+00:00","dateModified":"2025-11-16T19:49:02+00:00","description":"Entdecken Sie die Sch\u00f6nheit der Europ\u00e4ischen L\u00e4rche (Larix decidua). Eine robuste, schnell wachsende Jungpflanze. Ideal f\u00fcr das Bonsai-Training!","breadcrumb":{"@id":"https:\/\/treevaset.com\/de\/produkt\/larix-decidua-junges-vor-bonsai\/#breadcrumb"},"inLanguage":"de","potentialAction":[{"@type":"ReadAction","target":["https:\/\/treevaset.com\/de\/produkt\/larix-decidua-junges-vor-bonsai\/"]}]},{"@type":"ImageObject","inLanguage":"de","@id":"https:\/\/treevaset.com\/de\/produkt\/larix-decidua-junges-vor-bonsai\/#primaryimage","url":"https:\/\/treevaset.com\/wp-content\/uploads\/2024\/12\/Larix-decidua-\u2013-Young-Pre-Bonsai-in-pot.png","contentUrl":"https:\/\/treevaset.com\/wp-content\/uploads\/2024\/12\/Larix-decidua-\u2013-Young-Pre-Bonsai-in-pot.png","width":1024,"height":1024,"caption":"Larix decidua (Europ\u00e4ische L\u00e4rche) \u2013 junger Vor-Bonsai aus Samen gezogen, perfekt f\u00fcr Einsteiger."},{"@type":"BreadcrumbList","@id":"https:\/\/treevaset.com\/de\/produkt\/larix-decidua-junges-vor-bonsai\/#breadcrumb","itemListElement":[{"@type":"ListItem","position":1,"name":"Home","item":"https:\/\/treevaset.com\/de\/"},{"@type":"ListItem","position":2,"name":"Produkte","item":"https:\/\/treevaset.com\/de\/shop\/"},{"@type":"ListItem","position":3,"name":"Europ\u00e4ische L\u00e4rche (Larix decidua) \u2013 Junges Vor-Bonsai"}]},{"@type":"WebSite","@id":"https:\/\/treevaset.com\/de\/#website","url":"https:\/\/treevaset.com\/de\/","name":"Treevaset | Anyone Can Play Bonsai","description":"Anyone Can Play Bonsai!","publisher":{"@id":"https:\/\/treevaset.com\/de\/#organization"},"alternateName":"Treevaset","potentialAction":[{"@type":"SearchAction","target":{"@type":"EntryPoint","urlTemplate":"https:\/\/treevaset.com\/de\/?s={search_term_string}"},"query-input":{"@type":"PropertyValueSpecification","valueRequired":true,"valueName":"search_term_string"}}],"inLanguage":"de"},{"@type":"Organization","@id":"https:\/\/treevaset.com\/de\/#organization","name":"Treevaset","alternateName":"TreeVaset","url":"https:\/\/treevaset.com\/de\/","logo":{"@type":"ImageObject","@id":"https:\/\/treevaset.com\/#\/schema\/logo","url":"https:\/\/treevaset.com\/wp-content\/uploads\/2024\/09\/Treevaset-Logo-\u2013-Bonsai-Sets-Online-Bonsai-Shop.webp","contentUrl":"https:\/\/treevaset.com\/wp-content\/uploads\/2024\/09\/Treevaset-Logo-\u2013-Bonsai-Sets-Online-Bonsai-Shop.webp","caption":"Treevaset","inLanguage":"en-US"},"image":{"@id":"https:\/\/treevaset.com\/de\/#\/schema\/logo\/image\/"},"sameAs":["https:\/\/www.youtube.com\/@LucaTreevaset"],"founder":{"@type":"Person","@id":"https:\/\/treevaset.com\/#\/schema\/person\/e56a81d6286e1ca0c57664188a7f7721","name":"Luca Valagussa"},"description":"European specialist in rare Acer palmatum cultivars for bonsai. Young pre-bonsai shipped across Europe.","email":"luca@treevaset.com","telephone":"+393456149892","address":{"@type":"PostalAddress","streetAddress":"Via Vespucci 26\/a","addressLocality":"Merate","addressRegion":"Lecco","postalCode":"23807","addressCountry":"IT"},"contactPoint":{"@type":"ContactPoint","contactType":"customer service","email":"luca@treevaset.com","telephone":"+393456149892","areaServed":"EU","availableLanguage":["English","Italian","German"]}}]}},"_links":{"self":[{"href":"https:\/\/treevaset.com\/de\/wp-json\/wp\/v2\/product\/6492","targetHints":{"allow":["GET"]}}],"collection":[{"href":"https:\/\/treevaset.com\/de\/wp-json\/wp\/v2\/product"}],"about":[{"href":"https:\/\/treevaset.com\/de\/wp-json\/wp\/v2\/types\/product"}],"wp:featuredmedia":[{"embeddable":true,"href":"https:\/\/treevaset.com\/de\/wp-json\/wp\/v2\/media\/6486"}],"wp:attachment":[{"href":"https:\/\/treevaset.com\/de\/wp-json\/wp\/v2\/media?parent=6492"}],"wp:term":[{"taxonomy":"product_brand","embeddable":true,"href":"https:\/\/treevaset.com\/de\/wp-json\/wp\/v2\/product_brand?post=6492"},{"taxonomy":"product_cat","embeddable":true,"href":"https:\/\/treevaset.com\/de\/wp-json\/wp\/v2\/product_cat?post=6492"},{"taxonomy":"product_tag","embeddable":true,"href":"https:\/\/treevaset.com\/de\/wp-json\/wp\/v2\/product_tag?post=6492"}],"curies":[{"name":"wp","href":"https:\/\/api.w.org\/{rel}","templated":true}]}}