{"id":6593,"date":"2025-11-12T09:59:06","date_gmt":"2025-11-12T08:59:06","guid":{"rendered":"https:\/\/treevaset.com\/product\/japanischer-faecherahorn-koto-hime-acer-palmatum-koto-hime-junges-vor-bonsai\/"},"modified":"2026-04-29T20:24:30","modified_gmt":"2026-04-29T19:24:30","slug":"acer-palmatum-koto-hime-young-pre-bonsai","status":"publish","type":"product","link":"https:\/\/treevaset.com\/de\/produkt\/acer-palmatum-koto-hime-young-pre-bonsai\/","title":{"rendered":"Acer palmatum \u2018Kotohime\u2019 \u2013 Japanischer F\u00e4cherahorn f\u00fcr Bonsai (Young Pre-Bonsai)"},"content":{"rendered":"","protected":false},"excerpt":{"rendered":"<p>Kotohime ist ein Zwerg-Japanischer Ahorn, der Kronenkontrolle wie eine dichte Konifere erm\u00f6glicht \u2014 sehr kurze Internodien und kleine Bl\u00e4tter erm\u00f6glichen Polster, Negativr\u00e4ume und feine Verzweigung. Kr\u00e4ftiger als \u00e4hnliche Zwerge, ideal f\u00fcr Shohin, Mame und Waldkompositionen. Nicht veredelte, stecklingsvermehrte Pflanzen.<\/p>\n","protected":false},"featured_media":6591,"template":"","meta":{"_acf_changed":false,"site-sidebar-layout":"default","site-content-layout":"","ast-site-content-layout":"default","site-content-style":"default","site-sidebar-style":"default","ast-global-header-display":"","ast-banner-title-visibility":"","ast-main-header-display":"","ast-hfb-above-header-display":"","ast-hfb-below-header-display":"","ast-hfb-mobile-header-display":"","site-post-title":"","ast-breadcrumbs-content":"","ast-featured-img":"","footer-sml-layout":"","ast-disable-related-posts":"","theme-transparent-header-meta":"default","adv-header-id-meta":"","stick-header-meta":"","header-above-stick-meta":"","header-main-stick-meta":"","header-below-stick-meta":"","astra-migrate-meta-layouts":"set","ast-page-background-enabled":"default","ast-page-background-meta":{"desktop":{"background-color":"var(--ast-global-color-4)","background-image":"","background-repeat":"repeat","background-position":"center center","background-size":"auto","background-attachment":"scroll","background-type":"","background-media":"","overlay-type":"","overlay-color":"","overlay-opacity":"","overlay-gradient":""},"tablet":{"background-color":"","background-image":"","background-repeat":"repeat","background-position":"center center","background-size":"auto","background-attachment":"scroll","background-type":"","background-media":"","overlay-type":"","overlay-color":"","overlay-opacity":"","overlay-gradient":""},"mobile":{"background-color":"","background-image":"","background-repeat":"repeat","background-position":"center center","background-size":"auto","background-attachment":"scroll","background-type":"","background-media":"","overlay-type":"","overlay-color":"","overlay-opacity":"","overlay-gradient":""}},"ast-content-background-meta":{"desktop":{"background-color":"var(--ast-global-color-5)","background-image":"","background-repeat":"repeat","background-position":"center center","background-size":"auto","background-attachment":"scroll","background-type":"","background-media":"","overlay-type":"","overlay-color":"","overlay-opacity":"","overlay-gradient":""},"tablet":{"background-color":"var(--ast-global-color-5)","background-image":"","background-repeat":"repeat","background-position":"center center","background-size":"auto","background-attachment":"scroll","background-type":"","background-media":"","overlay-type":"","overlay-color":"","overlay-opacity":"","overlay-gradient":""},"mobile":{"background-color":"var(--ast-global-color-5)","background-image":"","background-repeat":"repeat","background-position":"center center","background-size":"auto","background-attachment":"scroll","background-type":"","background-media":"","overlay-type":"","overlay-color":"","overlay-opacity":"","overlay-gradient":""}}},"product_brand":[],"product_cat":[186,195],"product_tag":[206],"class_list":{"0":"post-6593","1":"product","2":"type-product","3":"status-publish","4":"has-post-thumbnail","6":"product_cat-bonsai","7":"product_cat-junges-vor-bonsai","8":"product_tag-acer-palmatum-japanese-maple","9":"desktop-align-left","10":"tablet-align-left","11":"mobile-align-left","13":"first","14":"outofstock","15":"shipping-taxable","16":"purchasable","17":"product-type-simple"},"acf":[],"yoast_head":"<!-- This site is optimized with the Yoast SEO plugin v27.5 - https:\/\/yoast.com\/product\/yoast-seo-wordpress\/ -->\n<title>Acer palmatum \u2018Kotohime\u2019 Pre-Bonsai | Japanischer Ahorn-Kultivar<\/title>\n<meta name=\"description\" content=\"Acer palmatum \u2018Kotohime\u2019 Young Pre-Bonsai mit extrem kleinen Bl\u00e4ttern und sehr kurzen Internodien. Langsam wachsender japanischer Ahorn-Kultivar f\u00fcr Shohin- und Mame-Bonsai, nicht veredelt und in Europa erh\u00e4ltlich.\" \/>\n<meta name=\"robots\" content=\"index, follow, max-snippet:-1, max-image-preview:large, max-video-preview:-1\" \/>\n<link rel=\"canonical\" href=\"https:\/\/treevaset.com\/de\/produkt\/acer-palmatum-koto-hime-young-pre-bonsai\/\" \/>\n<meta property=\"og:locale\" content=\"de_DE\" \/>\n<meta property=\"og:type\" content=\"article\" \/>\n<meta property=\"og:title\" content=\"Acer palmatum \u2018Kotohime\u2019 Pre-Bonsai | Japanischer Ahorn-Kultivar\" \/>\n<meta property=\"og:description\" content=\"Acer palmatum \u2018Kotohime\u2019 Young Pre-Bonsai mit extrem kleinen Bl\u00e4ttern und sehr kurzen Internodien. Langsam wachsender japanischer Ahorn-Kultivar f\u00fcr Shohin- und Mame-Bonsai, nicht veredelt und in Europa erh\u00e4ltlich.\" \/>\n<meta property=\"og:url\" content=\"https:\/\/treevaset.com\/de\/produkt\/acer-palmatum-koto-hime-young-pre-bonsai\/\" \/>\n<meta property=\"og:site_name\" content=\"Treevaset\" \/>\n<meta property=\"article:modified_time\" content=\"2026-04-29T19:24:30+00:00\" \/>\n<meta property=\"og:image\" content=\"https:\/\/treevaset.com\/wp-content\/uploads\/2025\/11\/acer-palmatum-koto-hime-young-pre-bonsai-single.webp\" \/>\n\t<meta property=\"og:image:width\" content=\"1024\" \/>\n\t<meta property=\"og:image:height\" content=\"1024\" \/>\n\t<meta property=\"og:image:type\" content=\"image\/webp\" \/>\n<meta name=\"twitter:card\" content=\"summary_large_image\" \/>\n<meta name=\"twitter:label1\" content=\"Gesch\u00e4tzte Lesezeit\" \/>\n\t<meta name=\"twitter:data1\" content=\"1\u00a0Minute\" \/>\n<script type=\"application\/ld+json\" class=\"yoast-schema-graph\">{\"@context\":\"https:\\\/\\\/schema.org\",\"@graph\":[{\"@type\":\"WebPage\",\"@id\":\"https:\\\/\\\/treevaset.com\\\/de\\\/produkt\\\/acer-palmatum-koto-hime-young-pre-bonsai\\\/\",\"url\":\"https:\\\/\\\/treevaset.com\\\/de\\\/produkt\\\/acer-palmatum-koto-hime-young-pre-bonsai\\\/\",\"name\":\"Acer palmatum \u2018Kotohime\u2019 Pre-Bonsai | Japanischer Ahorn-Kultivar\",\"isPartOf\":{\"@id\":\"https:\\\/\\\/treevaset.com\\\/de\\\/#website\"},\"primaryImageOfPage\":{\"@id\":\"https:\\\/\\\/treevaset.com\\\/de\\\/produkt\\\/acer-palmatum-koto-hime-young-pre-bonsai\\\/#primaryimage\"},\"image\":{\"@id\":\"https:\\\/\\\/treevaset.com\\\/de\\\/produkt\\\/acer-palmatum-koto-hime-young-pre-bonsai\\\/#primaryimage\"},\"thumbnailUrl\":\"https:\\\/\\\/treevaset.com\\\/wp-content\\\/uploads\\\/2025\\\/11\\\/acer-palmatum-koto-hime-young-pre-bonsai-single.webp\",\"datePublished\":\"2025-11-12T08:59:06+00:00\",\"dateModified\":\"2026-04-29T19:24:30+00:00\",\"description\":\"Acer palmatum \u2018Kotohime\u2019 Young Pre-Bonsai mit extrem kleinen Bl\u00e4ttern und sehr kurzen Internodien. Langsam wachsender japanischer Ahorn-Kultivar f\u00fcr Shohin- und Mame-Bonsai, nicht veredelt und in Europa erh\u00e4ltlich.\",\"breadcrumb\":{\"@id\":\"https:\\\/\\\/treevaset.com\\\/de\\\/produkt\\\/acer-palmatum-koto-hime-young-pre-bonsai\\\/#breadcrumb\"},\"inLanguage\":\"de\",\"potentialAction\":[{\"@type\":\"ReadAction\",\"target\":[\"https:\\\/\\\/treevaset.com\\\/de\\\/produkt\\\/acer-palmatum-koto-hime-young-pre-bonsai\\\/\"]}]},{\"@type\":\"ImageObject\",\"inLanguage\":\"de\",\"@id\":\"https:\\\/\\\/treevaset.com\\\/de\\\/produkt\\\/acer-palmatum-koto-hime-young-pre-bonsai\\\/#primaryimage\",\"url\":\"https:\\\/\\\/treevaset.com\\\/wp-content\\\/uploads\\\/2025\\\/11\\\/acer-palmatum-koto-hime-young-pre-bonsai-single.webp\",\"contentUrl\":\"https:\\\/\\\/treevaset.com\\\/wp-content\\\/uploads\\\/2025\\\/11\\\/acer-palmatum-koto-hime-young-pre-bonsai-single.webp\",\"width\":1024,\"height\":1024,\"caption\":\"Junges Vor-Bonsai des Acer palmatum \u2018Koto Hime\u2019 mit dichter Verzweigung und winzigen Bl\u00e4ttern.\"},{\"@type\":\"BreadcrumbList\",\"@id\":\"https:\\\/\\\/treevaset.com\\\/de\\\/produkt\\\/acer-palmatum-koto-hime-young-pre-bonsai\\\/#breadcrumb\",\"itemListElement\":[{\"@type\":\"ListItem\",\"position\":1,\"name\":\"Home\",\"item\":\"https:\\\/\\\/treevaset.com\\\/de\\\/\"},{\"@type\":\"ListItem\",\"position\":2,\"name\":\"Produkte\",\"item\":\"https:\\\/\\\/treevaset.com\\\/de\\\/shop\\\/\"},{\"@type\":\"ListItem\",\"position\":3,\"name\":\"Acer palmatum \u2018Kotohime\u2019 \u2013 Japanischer F\u00e4cherahorn f\u00fcr Bonsai (Young Pre-Bonsai)\"}]},{\"@type\":\"WebSite\",\"@id\":\"https:\\\/\\\/treevaset.com\\\/de\\\/#website\",\"url\":\"https:\\\/\\\/treevaset.com\\\/de\\\/\",\"name\":\"Treevaset | Anyone Can Play Bonsai\",\"description\":\"Anyone Can Play Bonsai!\",\"publisher\":{\"@id\":\"https:\\\/\\\/treevaset.com\\\/de\\\/#organization\"},\"alternateName\":\"Treevaset\",\"potentialAction\":[{\"@type\":\"SearchAction\",\"target\":{\"@type\":\"EntryPoint\",\"urlTemplate\":\"https:\\\/\\\/treevaset.com\\\/de\\\/?s={search_term_string}\"},\"query-input\":{\"@type\":\"PropertyValueSpecification\",\"valueRequired\":true,\"valueName\":\"search_term_string\"}}],\"inLanguage\":\"de\"},{\"@type\":\"Organization\",\"@id\":\"https:\\\/\\\/treevaset.com\\\/de\\\/#organization\",\"name\":\"Treevaset\",\"alternateName\":\"TreeVaset\",\"url\":\"https:\\\/\\\/treevaset.com\\\/de\\\/\",\"logo\":{\"@type\":\"ImageObject\",\"@id\":\"https:\\\/\\\/treevaset.com\\\/#\\\/schema\\\/logo\",\"url\":\"https:\\\/\\\/treevaset.com\\\/wp-content\\\/uploads\\\/2024\\\/09\\\/Treevaset-Logo-\u2013-Bonsai-Sets-Online-Bonsai-Shop.webp\",\"contentUrl\":\"https:\\\/\\\/treevaset.com\\\/wp-content\\\/uploads\\\/2024\\\/09\\\/Treevaset-Logo-\u2013-Bonsai-Sets-Online-Bonsai-Shop.webp\",\"caption\":\"Treevaset\",\"inLanguage\":\"en-US\"},\"image\":{\"@id\":\"https:\\\/\\\/treevaset.com\\\/de\\\/#\\\/schema\\\/logo\\\/image\\\/\"},\"sameAs\":[\"https:\\\/\\\/www.youtube.com\\\/@LucaTreevaset\"],\"founder\":{\"@type\":\"Person\",\"@id\":\"https:\\\/\\\/treevaset.com\\\/#\\\/schema\\\/person\\\/e56a81d6286e1ca0c57664188a7f7721\",\"name\":\"Luca Valagussa\"},\"description\":\"European specialist in rare Acer palmatum cultivars for bonsai. Young pre-bonsai shipped across Europe.\",\"email\":\"luca@treevaset.com\",\"telephone\":\"+393456149892\",\"address\":{\"@type\":\"PostalAddress\",\"streetAddress\":\"Via Vespucci 26\\\/a\",\"addressLocality\":\"Merate\",\"addressRegion\":\"Lecco\",\"postalCode\":\"23807\",\"addressCountry\":\"IT\"},\"contactPoint\":{\"@type\":\"ContactPoint\",\"contactType\":\"customer service\",\"email\":\"luca@treevaset.com\",\"telephone\":\"+393456149892\",\"areaServed\":\"EU\",\"availableLanguage\":[\"English\",\"Italian\",\"German\"]}}]}<\/script>\n<!-- \/ Yoast SEO plugin. -->","yoast_head_json":{"title":"Acer palmatum \u2018Kotohime\u2019 Pre-Bonsai | Japanischer Ahorn-Kultivar","description":"Acer palmatum \u2018Kotohime\u2019 Young Pre-Bonsai mit extrem kleinen Bl\u00e4ttern und sehr kurzen Internodien. Langsam wachsender japanischer Ahorn-Kultivar f\u00fcr Shohin- und Mame-Bonsai, nicht veredelt und in Europa erh\u00e4ltlich.","robots":{"index":"index","follow":"follow","max-snippet":"max-snippet:-1","max-image-preview":"max-image-preview:large","max-video-preview":"max-video-preview:-1"},"canonical":"https:\/\/treevaset.com\/de\/produkt\/acer-palmatum-koto-hime-young-pre-bonsai\/","og_locale":"de_DE","og_type":"article","og_title":"Acer palmatum \u2018Kotohime\u2019 Pre-Bonsai | Japanischer Ahorn-Kultivar","og_description":"Acer palmatum \u2018Kotohime\u2019 Young Pre-Bonsai mit extrem kleinen Bl\u00e4ttern und sehr kurzen Internodien. Langsam wachsender japanischer Ahorn-Kultivar f\u00fcr Shohin- und Mame-Bonsai, nicht veredelt und in Europa erh\u00e4ltlich.","og_url":"https:\/\/treevaset.com\/de\/produkt\/acer-palmatum-koto-hime-young-pre-bonsai\/","og_site_name":"Treevaset","article_modified_time":"2026-04-29T19:24:30+00:00","og_image":[{"width":1024,"height":1024,"url":"https:\/\/treevaset.com\/wp-content\/uploads\/2025\/11\/acer-palmatum-koto-hime-young-pre-bonsai-single.webp","type":"image\/webp"}],"twitter_card":"summary_large_image","twitter_misc":{"Gesch\u00e4tzte Lesezeit":"1\u00a0Minute"},"schema":{"@context":"https:\/\/schema.org","@graph":[{"@type":"WebPage","@id":"https:\/\/treevaset.com\/de\/produkt\/acer-palmatum-koto-hime-young-pre-bonsai\/","url":"https:\/\/treevaset.com\/de\/produkt\/acer-palmatum-koto-hime-young-pre-bonsai\/","name":"Acer palmatum \u2018Kotohime\u2019 Pre-Bonsai | Japanischer Ahorn-Kultivar","isPartOf":{"@id":"https:\/\/treevaset.com\/de\/#website"},"primaryImageOfPage":{"@id":"https:\/\/treevaset.com\/de\/produkt\/acer-palmatum-koto-hime-young-pre-bonsai\/#primaryimage"},"image":{"@id":"https:\/\/treevaset.com\/de\/produkt\/acer-palmatum-koto-hime-young-pre-bonsai\/#primaryimage"},"thumbnailUrl":"https:\/\/treevaset.com\/wp-content\/uploads\/2025\/11\/acer-palmatum-koto-hime-young-pre-bonsai-single.webp","datePublished":"2025-11-12T08:59:06+00:00","dateModified":"2026-04-29T19:24:30+00:00","description":"Acer palmatum \u2018Kotohime\u2019 Young Pre-Bonsai mit extrem kleinen Bl\u00e4ttern und sehr kurzen Internodien. Langsam wachsender japanischer Ahorn-Kultivar f\u00fcr Shohin- und Mame-Bonsai, nicht veredelt und in Europa erh\u00e4ltlich.","breadcrumb":{"@id":"https:\/\/treevaset.com\/de\/produkt\/acer-palmatum-koto-hime-young-pre-bonsai\/#breadcrumb"},"inLanguage":"de","potentialAction":[{"@type":"ReadAction","target":["https:\/\/treevaset.com\/de\/produkt\/acer-palmatum-koto-hime-young-pre-bonsai\/"]}]},{"@type":"ImageObject","inLanguage":"de","@id":"https:\/\/treevaset.com\/de\/produkt\/acer-palmatum-koto-hime-young-pre-bonsai\/#primaryimage","url":"https:\/\/treevaset.com\/wp-content\/uploads\/2025\/11\/acer-palmatum-koto-hime-young-pre-bonsai-single.webp","contentUrl":"https:\/\/treevaset.com\/wp-content\/uploads\/2025\/11\/acer-palmatum-koto-hime-young-pre-bonsai-single.webp","width":1024,"height":1024,"caption":"Junges Vor-Bonsai des Acer palmatum \u2018Koto Hime\u2019 mit dichter Verzweigung und winzigen Bl\u00e4ttern."},{"@type":"BreadcrumbList","@id":"https:\/\/treevaset.com\/de\/produkt\/acer-palmatum-koto-hime-young-pre-bonsai\/#breadcrumb","itemListElement":[{"@type":"ListItem","position":1,"name":"Home","item":"https:\/\/treevaset.com\/de\/"},{"@type":"ListItem","position":2,"name":"Produkte","item":"https:\/\/treevaset.com\/de\/shop\/"},{"@type":"ListItem","position":3,"name":"Acer palmatum \u2018Kotohime\u2019 \u2013 Japanischer F\u00e4cherahorn f\u00fcr Bonsai (Young Pre-Bonsai)"}]},{"@type":"WebSite","@id":"https:\/\/treevaset.com\/de\/#website","url":"https:\/\/treevaset.com\/de\/","name":"Treevaset | Anyone Can Play Bonsai","description":"Anyone Can Play Bonsai!","publisher":{"@id":"https:\/\/treevaset.com\/de\/#organization"},"alternateName":"Treevaset","potentialAction":[{"@type":"SearchAction","target":{"@type":"EntryPoint","urlTemplate":"https:\/\/treevaset.com\/de\/?s={search_term_string}"},"query-input":{"@type":"PropertyValueSpecification","valueRequired":true,"valueName":"search_term_string"}}],"inLanguage":"de"},{"@type":"Organization","@id":"https:\/\/treevaset.com\/de\/#organization","name":"Treevaset","alternateName":"TreeVaset","url":"https:\/\/treevaset.com\/de\/","logo":{"@type":"ImageObject","@id":"https:\/\/treevaset.com\/#\/schema\/logo","url":"https:\/\/treevaset.com\/wp-content\/uploads\/2024\/09\/Treevaset-Logo-\u2013-Bonsai-Sets-Online-Bonsai-Shop.webp","contentUrl":"https:\/\/treevaset.com\/wp-content\/uploads\/2024\/09\/Treevaset-Logo-\u2013-Bonsai-Sets-Online-Bonsai-Shop.webp","caption":"Treevaset","inLanguage":"en-US"},"image":{"@id":"https:\/\/treevaset.com\/de\/#\/schema\/logo\/image\/"},"sameAs":["https:\/\/www.youtube.com\/@LucaTreevaset"],"founder":{"@type":"Person","@id":"https:\/\/treevaset.com\/#\/schema\/person\/e56a81d6286e1ca0c57664188a7f7721","name":"Luca Valagussa"},"description":"European specialist in rare Acer palmatum cultivars for bonsai. Young pre-bonsai shipped across Europe.","email":"luca@treevaset.com","telephone":"+393456149892","address":{"@type":"PostalAddress","streetAddress":"Via Vespucci 26\/a","addressLocality":"Merate","addressRegion":"Lecco","postalCode":"23807","addressCountry":"IT"},"contactPoint":{"@type":"ContactPoint","contactType":"customer service","email":"luca@treevaset.com","telephone":"+393456149892","areaServed":"EU","availableLanguage":["English","Italian","German"]}}]}},"_links":{"self":[{"href":"https:\/\/treevaset.com\/de\/wp-json\/wp\/v2\/product\/6593","targetHints":{"allow":["GET"]}}],"collection":[{"href":"https:\/\/treevaset.com\/de\/wp-json\/wp\/v2\/product"}],"about":[{"href":"https:\/\/treevaset.com\/de\/wp-json\/wp\/v2\/types\/product"}],"wp:featuredmedia":[{"embeddable":true,"href":"https:\/\/treevaset.com\/de\/wp-json\/wp\/v2\/media\/6591"}],"wp:attachment":[{"href":"https:\/\/treevaset.com\/de\/wp-json\/wp\/v2\/media?parent=6593"}],"wp:term":[{"taxonomy":"product_brand","embeddable":true,"href":"https:\/\/treevaset.com\/de\/wp-json\/wp\/v2\/product_brand?post=6593"},{"taxonomy":"product_cat","embeddable":true,"href":"https:\/\/treevaset.com\/de\/wp-json\/wp\/v2\/product_cat?post=6593"},{"taxonomy":"product_tag","embeddable":true,"href":"https:\/\/treevaset.com\/de\/wp-json\/wp\/v2\/product_tag?post=6593"}],"curies":[{"name":"wp","href":"https:\/\/api.w.org\/{rel}","templated":true}]}}