{"id":6633,"date":"2025-11-12T17:06:22","date_gmt":"2025-11-12T16:06:22","guid":{"rendered":"https:\/\/treevaset.com\/product\/japanischer-ahorn-beni-chidori-acer-palmatum-beni-chidori-junges-vor-bonsai\/"},"modified":"2026-04-29T20:42:49","modified_gmt":"2026-04-29T19:42:49","slug":"acer-palmatum-beni-chidori-young-pre-bonsai","status":"publish","type":"product","link":"https:\/\/treevaset.com\/de\/produkt\/acer-palmatum-beni-chidori-young-pre-bonsai\/","title":{"rendered":"Acer palmatum \u2018Beni Chidori\u2019 \u2013 Japanischer F\u00e4cherahorn f\u00fcr Bonsai (Young Pre-Bonsai)"},"content":{"rendered":"","protected":false},"excerpt":{"rendered":"<p>Beni Chidori ist ein halbzwergiger Japanischer Ahorn, gesch\u00e4tzt f\u00fcr seinen lebhaften rosa Fr\u00fchjahrsaustrieb, karmesinrote Herbstf\u00e4rbung und ausgewogenes Wachstum. Glatte Rinde mit gr\u00fcnen, rosa und roten T\u00f6nen, die zu Grau reift. Nicht veredelte, stecklingsvermehrte Pflanzen zur Erhaltung der echten Kultivarmerkmale.<\/p>\n","protected":false},"featured_media":8298,"template":"","meta":{"_acf_changed":false,"site-sidebar-layout":"default","site-content-layout":"","ast-site-content-layout":"default","site-content-style":"default","site-sidebar-style":"default","ast-global-header-display":"","ast-banner-title-visibility":"","ast-main-header-display":"","ast-hfb-above-header-display":"","ast-hfb-below-header-display":"","ast-hfb-mobile-header-display":"","site-post-title":"","ast-breadcrumbs-content":"","ast-featured-img":"","footer-sml-layout":"","ast-disable-related-posts":"","theme-transparent-header-meta":"default","adv-header-id-meta":"","stick-header-meta":"","header-above-stick-meta":"","header-main-stick-meta":"","header-below-stick-meta":"","astra-migrate-meta-layouts":"set","ast-page-background-enabled":"default","ast-page-background-meta":{"desktop":{"background-color":"var(--ast-global-color-4)","background-image":"","background-repeat":"repeat","background-position":"center center","background-size":"auto","background-attachment":"scroll","background-type":"","background-media":"","overlay-type":"","overlay-color":"","overlay-opacity":"","overlay-gradient":""},"tablet":{"background-color":"","background-image":"","background-repeat":"repeat","background-position":"center center","background-size":"auto","background-attachment":"scroll","background-type":"","background-media":"","overlay-type":"","overlay-color":"","overlay-opacity":"","overlay-gradient":""},"mobile":{"background-color":"","background-image":"","background-repeat":"repeat","background-position":"center center","background-size":"auto","background-attachment":"scroll","background-type":"","background-media":"","overlay-type":"","overlay-color":"","overlay-opacity":"","overlay-gradient":""}},"ast-content-background-meta":{"desktop":{"background-color":"var(--ast-global-color-5)","background-image":"","background-repeat":"repeat","background-position":"center center","background-size":"auto","background-attachment":"scroll","background-type":"","background-media":"","overlay-type":"","overlay-color":"","overlay-opacity":"","overlay-gradient":""},"tablet":{"background-color":"var(--ast-global-color-5)","background-image":"","background-repeat":"repeat","background-position":"center center","background-size":"auto","background-attachment":"scroll","background-type":"","background-media":"","overlay-type":"","overlay-color":"","overlay-opacity":"","overlay-gradient":""},"mobile":{"background-color":"var(--ast-global-color-5)","background-image":"","background-repeat":"repeat","background-position":"center center","background-size":"auto","background-attachment":"scroll","background-type":"","background-media":"","overlay-type":"","overlay-color":"","overlay-opacity":"","overlay-gradient":""}}},"product_brand":[],"product_cat":[186,195],"product_tag":[206],"class_list":{"0":"post-6633","1":"product","2":"type-product","3":"status-publish","4":"has-post-thumbnail","6":"product_cat-bonsai","7":"product_cat-junges-vor-bonsai","8":"product_tag-acer-palmatum-japanese-maple","9":"desktop-align-left","10":"tablet-align-left","11":"mobile-align-left","13":"first","14":"outofstock","15":"shipping-taxable","16":"purchasable","17":"product-type-simple"},"acf":[],"yoast_head":"<!-- This site is optimized with the Yoast SEO plugin v27.5 - https:\/\/yoast.com\/product\/yoast-seo-wordpress\/ -->\n<title>Acer palmatum \u2018Beni Chidori\u2019 Young Pre-Bonsai | Treevaset<\/title>\n<meta name=\"description\" content=\"Acer palmatum \u2018Beni Chidori\u2019 Young Pre-Bonsai mit kompakten Internodien und moderater Wuchskraft. Geeignet f\u00fcr strukturierten Bonsai Aufbau und fr\u00fche Trainingsphasen. Nicht veredelt, in Europa verf\u00fcgbar.\" \/>\n<meta name=\"robots\" content=\"index, follow, max-snippet:-1, max-image-preview:large, max-video-preview:-1\" \/>\n<link rel=\"canonical\" href=\"https:\/\/treevaset.com\/de\/produkt\/acer-palmatum-beni-chidori-young-pre-bonsai\/\" \/>\n<meta property=\"og:locale\" content=\"de_DE\" \/>\n<meta property=\"og:type\" content=\"article\" \/>\n<meta property=\"og:title\" content=\"Acer palmatum \u2018Beni Chidori\u2019 Young Pre-Bonsai | Treevaset\" \/>\n<meta property=\"og:description\" content=\"Acer palmatum \u2018Beni Chidori\u2019 Young Pre-Bonsai mit kompakten Internodien und moderater Wuchskraft. Geeignet f\u00fcr strukturierten Bonsai Aufbau und fr\u00fche Trainingsphasen. Nicht veredelt, in Europa verf\u00fcgbar.\" \/>\n<meta property=\"og:url\" content=\"https:\/\/treevaset.com\/de\/produkt\/acer-palmatum-beni-chidori-young-pre-bonsai\/\" \/>\n<meta property=\"og:site_name\" content=\"Treevaset\" \/>\n<meta property=\"article:modified_time\" content=\"2026-04-29T19:42:49+00:00\" \/>\n<meta property=\"og:image\" content=\"https:\/\/treevaset.com\/wp-content\/uploads\/2025\/11\/acer-palmatum-benichidori-bonsai.webp\" \/>\n\t<meta property=\"og:image:width\" content=\"2048\" \/>\n\t<meta property=\"og:image:height\" content=\"2048\" \/>\n\t<meta property=\"og:image:type\" content=\"image\/webp\" \/>\n<meta name=\"twitter:card\" content=\"summary_large_image\" \/>\n<meta name=\"twitter:label1\" content=\"Gesch\u00e4tzte Lesezeit\" \/>\n\t<meta name=\"twitter:data1\" content=\"1\u00a0Minute\" \/>\n<script type=\"application\/ld+json\" class=\"yoast-schema-graph\">{\"@context\":\"https:\\\/\\\/schema.org\",\"@graph\":[{\"@type\":\"WebPage\",\"@id\":\"https:\\\/\\\/treevaset.com\\\/de\\\/produkt\\\/acer-palmatum-beni-chidori-young-pre-bonsai\\\/\",\"url\":\"https:\\\/\\\/treevaset.com\\\/de\\\/produkt\\\/acer-palmatum-beni-chidori-young-pre-bonsai\\\/\",\"name\":\"Acer palmatum \u2018Beni Chidori\u2019 Young Pre-Bonsai | Treevaset\",\"isPartOf\":{\"@id\":\"https:\\\/\\\/treevaset.com\\\/de\\\/#website\"},\"primaryImageOfPage\":{\"@id\":\"https:\\\/\\\/treevaset.com\\\/de\\\/produkt\\\/acer-palmatum-beni-chidori-young-pre-bonsai\\\/#primaryimage\"},\"image\":{\"@id\":\"https:\\\/\\\/treevaset.com\\\/de\\\/produkt\\\/acer-palmatum-beni-chidori-young-pre-bonsai\\\/#primaryimage\"},\"thumbnailUrl\":\"https:\\\/\\\/treevaset.com\\\/wp-content\\\/uploads\\\/2025\\\/11\\\/acer-palmatum-benichidori-bonsai.webp\",\"datePublished\":\"2025-11-12T16:06:22+00:00\",\"dateModified\":\"2026-04-29T19:42:49+00:00\",\"description\":\"Acer palmatum \u2018Beni Chidori\u2019 Young Pre-Bonsai mit kompakten Internodien und moderater Wuchskraft. Geeignet f\u00fcr strukturierten Bonsai Aufbau und fr\u00fche Trainingsphasen. Nicht veredelt, in Europa verf\u00fcgbar.\",\"breadcrumb\":{\"@id\":\"https:\\\/\\\/treevaset.com\\\/de\\\/produkt\\\/acer-palmatum-beni-chidori-young-pre-bonsai\\\/#breadcrumb\"},\"inLanguage\":\"de\",\"potentialAction\":[{\"@type\":\"ReadAction\",\"target\":[\"https:\\\/\\\/treevaset.com\\\/de\\\/produkt\\\/acer-palmatum-beni-chidori-young-pre-bonsai\\\/\"]}]},{\"@type\":\"ImageObject\",\"inLanguage\":\"de\",\"@id\":\"https:\\\/\\\/treevaset.com\\\/de\\\/produkt\\\/acer-palmatum-beni-chidori-young-pre-bonsai\\\/#primaryimage\",\"url\":\"https:\\\/\\\/treevaset.com\\\/wp-content\\\/uploads\\\/2025\\\/11\\\/acer-palmatum-benichidori-bonsai.webp\",\"contentUrl\":\"https:\\\/\\\/treevaset.com\\\/wp-content\\\/uploads\\\/2025\\\/11\\\/acer-palmatum-benichidori-bonsai.webp\",\"width\":2048,\"height\":2048,\"caption\":\"Herbstliche Blattphase von Acer palmatum \u2018Beni Chidori\u2019. Die Aufnahme zeigt eine saisonale Blattverf\u00e4rbung als Teil der nat\u00fcrlichen Entwicklungszyklen dieser Sorte.\"},{\"@type\":\"BreadcrumbList\",\"@id\":\"https:\\\/\\\/treevaset.com\\\/de\\\/produkt\\\/acer-palmatum-beni-chidori-young-pre-bonsai\\\/#breadcrumb\",\"itemListElement\":[{\"@type\":\"ListItem\",\"position\":1,\"name\":\"Home\",\"item\":\"https:\\\/\\\/treevaset.com\\\/de\\\/\"},{\"@type\":\"ListItem\",\"position\":2,\"name\":\"Produkte\",\"item\":\"https:\\\/\\\/treevaset.com\\\/de\\\/shop\\\/\"},{\"@type\":\"ListItem\",\"position\":3,\"name\":\"Acer palmatum \u2018Beni Chidori\u2019 \u2013 Japanischer F\u00e4cherahorn f\u00fcr Bonsai (Young Pre-Bonsai)\"}]},{\"@type\":\"WebSite\",\"@id\":\"https:\\\/\\\/treevaset.com\\\/de\\\/#website\",\"url\":\"https:\\\/\\\/treevaset.com\\\/de\\\/\",\"name\":\"Treevaset | Anyone Can Play Bonsai\",\"description\":\"Anyone Can Play Bonsai!\",\"publisher\":{\"@id\":\"https:\\\/\\\/treevaset.com\\\/de\\\/#organization\"},\"alternateName\":\"Treevaset\",\"potentialAction\":[{\"@type\":\"SearchAction\",\"target\":{\"@type\":\"EntryPoint\",\"urlTemplate\":\"https:\\\/\\\/treevaset.com\\\/de\\\/?s={search_term_string}\"},\"query-input\":{\"@type\":\"PropertyValueSpecification\",\"valueRequired\":true,\"valueName\":\"search_term_string\"}}],\"inLanguage\":\"de\"},{\"@type\":\"Organization\",\"@id\":\"https:\\\/\\\/treevaset.com\\\/de\\\/#organization\",\"name\":\"Treevaset\",\"alternateName\":\"TreeVaset\",\"url\":\"https:\\\/\\\/treevaset.com\\\/de\\\/\",\"logo\":{\"@type\":\"ImageObject\",\"@id\":\"https:\\\/\\\/treevaset.com\\\/#\\\/schema\\\/logo\",\"url\":\"https:\\\/\\\/treevaset.com\\\/wp-content\\\/uploads\\\/2024\\\/09\\\/Treevaset-Logo-\u2013-Bonsai-Sets-Online-Bonsai-Shop.webp\",\"contentUrl\":\"https:\\\/\\\/treevaset.com\\\/wp-content\\\/uploads\\\/2024\\\/09\\\/Treevaset-Logo-\u2013-Bonsai-Sets-Online-Bonsai-Shop.webp\",\"caption\":\"Treevaset\",\"inLanguage\":\"en-US\"},\"image\":{\"@id\":\"https:\\\/\\\/treevaset.com\\\/de\\\/#\\\/schema\\\/logo\\\/image\\\/\"},\"sameAs\":[\"https:\\\/\\\/www.youtube.com\\\/@LucaTreevaset\"],\"founder\":{\"@type\":\"Person\",\"@id\":\"https:\\\/\\\/treevaset.com\\\/#\\\/schema\\\/person\\\/e56a81d6286e1ca0c57664188a7f7721\",\"name\":\"Luca Valagussa\"},\"description\":\"European specialist in rare Acer palmatum cultivars for bonsai. Young pre-bonsai shipped across Europe.\",\"email\":\"luca@treevaset.com\",\"telephone\":\"+393456149892\",\"address\":{\"@type\":\"PostalAddress\",\"streetAddress\":\"Via Vespucci 26\\\/a\",\"addressLocality\":\"Merate\",\"addressRegion\":\"Lecco\",\"postalCode\":\"23807\",\"addressCountry\":\"IT\"},\"contactPoint\":{\"@type\":\"ContactPoint\",\"contactType\":\"customer service\",\"email\":\"luca@treevaset.com\",\"telephone\":\"+393456149892\",\"areaServed\":\"EU\",\"availableLanguage\":[\"English\",\"Italian\",\"German\"]}}]}<\/script>\n<!-- \/ Yoast SEO plugin. -->","yoast_head_json":{"title":"Acer palmatum \u2018Beni Chidori\u2019 Young Pre-Bonsai | Treevaset","description":"Acer palmatum \u2018Beni Chidori\u2019 Young Pre-Bonsai mit kompakten Internodien und moderater Wuchskraft. Geeignet f\u00fcr strukturierten Bonsai Aufbau und fr\u00fche Trainingsphasen. Nicht veredelt, in Europa verf\u00fcgbar.","robots":{"index":"index","follow":"follow","max-snippet":"max-snippet:-1","max-image-preview":"max-image-preview:large","max-video-preview":"max-video-preview:-1"},"canonical":"https:\/\/treevaset.com\/de\/produkt\/acer-palmatum-beni-chidori-young-pre-bonsai\/","og_locale":"de_DE","og_type":"article","og_title":"Acer palmatum \u2018Beni Chidori\u2019 Young Pre-Bonsai | Treevaset","og_description":"Acer palmatum \u2018Beni Chidori\u2019 Young Pre-Bonsai mit kompakten Internodien und moderater Wuchskraft. Geeignet f\u00fcr strukturierten Bonsai Aufbau und fr\u00fche Trainingsphasen. Nicht veredelt, in Europa verf\u00fcgbar.","og_url":"https:\/\/treevaset.com\/de\/produkt\/acer-palmatum-beni-chidori-young-pre-bonsai\/","og_site_name":"Treevaset","article_modified_time":"2026-04-29T19:42:49+00:00","og_image":[{"width":2048,"height":2048,"url":"https:\/\/treevaset.com\/wp-content\/uploads\/2025\/11\/acer-palmatum-benichidori-bonsai.webp","type":"image\/webp"}],"twitter_card":"summary_large_image","twitter_misc":{"Gesch\u00e4tzte Lesezeit":"1\u00a0Minute"},"schema":{"@context":"https:\/\/schema.org","@graph":[{"@type":"WebPage","@id":"https:\/\/treevaset.com\/de\/produkt\/acer-palmatum-beni-chidori-young-pre-bonsai\/","url":"https:\/\/treevaset.com\/de\/produkt\/acer-palmatum-beni-chidori-young-pre-bonsai\/","name":"Acer palmatum \u2018Beni Chidori\u2019 Young Pre-Bonsai | Treevaset","isPartOf":{"@id":"https:\/\/treevaset.com\/de\/#website"},"primaryImageOfPage":{"@id":"https:\/\/treevaset.com\/de\/produkt\/acer-palmatum-beni-chidori-young-pre-bonsai\/#primaryimage"},"image":{"@id":"https:\/\/treevaset.com\/de\/produkt\/acer-palmatum-beni-chidori-young-pre-bonsai\/#primaryimage"},"thumbnailUrl":"https:\/\/treevaset.com\/wp-content\/uploads\/2025\/11\/acer-palmatum-benichidori-bonsai.webp","datePublished":"2025-11-12T16:06:22+00:00","dateModified":"2026-04-29T19:42:49+00:00","description":"Acer palmatum \u2018Beni Chidori\u2019 Young Pre-Bonsai mit kompakten Internodien und moderater Wuchskraft. Geeignet f\u00fcr strukturierten Bonsai Aufbau und fr\u00fche Trainingsphasen. Nicht veredelt, in Europa verf\u00fcgbar.","breadcrumb":{"@id":"https:\/\/treevaset.com\/de\/produkt\/acer-palmatum-beni-chidori-young-pre-bonsai\/#breadcrumb"},"inLanguage":"de","potentialAction":[{"@type":"ReadAction","target":["https:\/\/treevaset.com\/de\/produkt\/acer-palmatum-beni-chidori-young-pre-bonsai\/"]}]},{"@type":"ImageObject","inLanguage":"de","@id":"https:\/\/treevaset.com\/de\/produkt\/acer-palmatum-beni-chidori-young-pre-bonsai\/#primaryimage","url":"https:\/\/treevaset.com\/wp-content\/uploads\/2025\/11\/acer-palmatum-benichidori-bonsai.webp","contentUrl":"https:\/\/treevaset.com\/wp-content\/uploads\/2025\/11\/acer-palmatum-benichidori-bonsai.webp","width":2048,"height":2048,"caption":"Herbstliche Blattphase von Acer palmatum \u2018Beni Chidori\u2019. Die Aufnahme zeigt eine saisonale Blattverf\u00e4rbung als Teil der nat\u00fcrlichen Entwicklungszyklen dieser Sorte."},{"@type":"BreadcrumbList","@id":"https:\/\/treevaset.com\/de\/produkt\/acer-palmatum-beni-chidori-young-pre-bonsai\/#breadcrumb","itemListElement":[{"@type":"ListItem","position":1,"name":"Home","item":"https:\/\/treevaset.com\/de\/"},{"@type":"ListItem","position":2,"name":"Produkte","item":"https:\/\/treevaset.com\/de\/shop\/"},{"@type":"ListItem","position":3,"name":"Acer palmatum \u2018Beni Chidori\u2019 \u2013 Japanischer F\u00e4cherahorn f\u00fcr Bonsai (Young Pre-Bonsai)"}]},{"@type":"WebSite","@id":"https:\/\/treevaset.com\/de\/#website","url":"https:\/\/treevaset.com\/de\/","name":"Treevaset | Anyone Can Play Bonsai","description":"Anyone Can Play Bonsai!","publisher":{"@id":"https:\/\/treevaset.com\/de\/#organization"},"alternateName":"Treevaset","potentialAction":[{"@type":"SearchAction","target":{"@type":"EntryPoint","urlTemplate":"https:\/\/treevaset.com\/de\/?s={search_term_string}"},"query-input":{"@type":"PropertyValueSpecification","valueRequired":true,"valueName":"search_term_string"}}],"inLanguage":"de"},{"@type":"Organization","@id":"https:\/\/treevaset.com\/de\/#organization","name":"Treevaset","alternateName":"TreeVaset","url":"https:\/\/treevaset.com\/de\/","logo":{"@type":"ImageObject","@id":"https:\/\/treevaset.com\/#\/schema\/logo","url":"https:\/\/treevaset.com\/wp-content\/uploads\/2024\/09\/Treevaset-Logo-\u2013-Bonsai-Sets-Online-Bonsai-Shop.webp","contentUrl":"https:\/\/treevaset.com\/wp-content\/uploads\/2024\/09\/Treevaset-Logo-\u2013-Bonsai-Sets-Online-Bonsai-Shop.webp","caption":"Treevaset","inLanguage":"en-US"},"image":{"@id":"https:\/\/treevaset.com\/de\/#\/schema\/logo\/image\/"},"sameAs":["https:\/\/www.youtube.com\/@LucaTreevaset"],"founder":{"@type":"Person","@id":"https:\/\/treevaset.com\/#\/schema\/person\/e56a81d6286e1ca0c57664188a7f7721","name":"Luca Valagussa"},"description":"European specialist in rare Acer palmatum cultivars for bonsai. Young pre-bonsai shipped across Europe.","email":"luca@treevaset.com","telephone":"+393456149892","address":{"@type":"PostalAddress","streetAddress":"Via Vespucci 26\/a","addressLocality":"Merate","addressRegion":"Lecco","postalCode":"23807","addressCountry":"IT"},"contactPoint":{"@type":"ContactPoint","contactType":"customer service","email":"luca@treevaset.com","telephone":"+393456149892","areaServed":"EU","availableLanguage":["English","Italian","German"]}}]}},"_links":{"self":[{"href":"https:\/\/treevaset.com\/de\/wp-json\/wp\/v2\/product\/6633","targetHints":{"allow":["GET"]}}],"collection":[{"href":"https:\/\/treevaset.com\/de\/wp-json\/wp\/v2\/product"}],"about":[{"href":"https:\/\/treevaset.com\/de\/wp-json\/wp\/v2\/types\/product"}],"wp:featuredmedia":[{"embeddable":true,"href":"https:\/\/treevaset.com\/de\/wp-json\/wp\/v2\/media\/8298"}],"wp:attachment":[{"href":"https:\/\/treevaset.com\/de\/wp-json\/wp\/v2\/media?parent=6633"}],"wp:term":[{"taxonomy":"product_brand","embeddable":true,"href":"https:\/\/treevaset.com\/de\/wp-json\/wp\/v2\/product_brand?post=6633"},{"taxonomy":"product_cat","embeddable":true,"href":"https:\/\/treevaset.com\/de\/wp-json\/wp\/v2\/product_cat?post=6633"},{"taxonomy":"product_tag","embeddable":true,"href":"https:\/\/treevaset.com\/de\/wp-json\/wp\/v2\/product_tag?post=6633"}],"curies":[{"name":"wp","href":"https:\/\/api.w.org\/{rel}","templated":true}]}}