{"id":9543,"date":"2026-04-08T20:55:54","date_gmt":"2026-04-08T19:55:54","guid":{"rendered":"https:\/\/treevaset.com\/?post_type=product&#038;p=9543"},"modified":"2026-04-16T20:01:05","modified_gmt":"2026-04-16T19:01:05","slug":"acer-palmatum-sei-hime-young-pre-bonsai","status":"publish","type":"product","link":"https:\/\/treevaset.com\/de\/produkt\/acer-palmatum-sei-hime-young-pre-bonsai\/","title":{"rendered":"Acer palmatum &#8218;Sei Hime&#8216; \u2013 Japanischer F\u00e4cherahorn f\u00fcr Bonsai (Young Pre-Bonsai)"},"content":{"rendered":"","protected":false},"excerpt":{"rendered":"<p>Sei Hime ist ein Zwerg-Japanischer Ahorn, der f\u00fcr seine nat\u00fcrlich kleinen Bl\u00e4tter, kompakten Internodien und klaren saisonalen Farb\u00fcberg\u00e4nge gesch\u00e4tzt wird. Als Young Pre-Bonsai bietet er einen soliden Ausgangspunkt f\u00fcr die Shohin-Entwicklung mit den geduldsbelohnenden Qualit\u00e4ten der Zwerg-Acer-palmatum-Kultivare. Nicht veredelte, stecklingsvermehrte Pflanzen zur Erhaltung der echten Kultivarmerkmale. <strong>Nicht veredelte Pflanzen, durch Stecklinge vermehrt, um die sortentypischen Eigenschaften des Kultivars zuverl\u00e4ssig zu erhalten.<\/strong><\/p>\n","protected":false},"featured_media":9588,"template":"","meta":{"_acf_changed":false,"site-sidebar-layout":"default","site-content-layout":"","ast-site-content-layout":"default","site-content-style":"default","site-sidebar-style":"default","ast-global-header-display":"","ast-banner-title-visibility":"","ast-main-header-display":"","ast-hfb-above-header-display":"","ast-hfb-below-header-display":"","ast-hfb-mobile-header-display":"","site-post-title":"","ast-breadcrumbs-content":"","ast-featured-img":"","footer-sml-layout":"","theme-transparent-header-meta":"default","adv-header-id-meta":"","stick-header-meta":"","header-above-stick-meta":"","header-main-stick-meta":"","header-below-stick-meta":"","astra-migrate-meta-layouts":"set","ast-page-background-enabled":"default","ast-page-background-meta":{"desktop":{"background-color":"var(--ast-global-color-4)","background-image":"","background-repeat":"repeat","background-position":"center center","background-size":"auto","background-attachment":"scroll","background-type":"","background-media":"","overlay-type":"","overlay-color":"","overlay-opacity":"","overlay-gradient":""},"tablet":{"background-color":"","background-image":"","background-repeat":"repeat","background-position":"center center","background-size":"auto","background-attachment":"scroll","background-type":"","background-media":"","overlay-type":"","overlay-color":"","overlay-opacity":"","overlay-gradient":""},"mobile":{"background-color":"","background-image":"","background-repeat":"repeat","background-position":"center center","background-size":"auto","background-attachment":"scroll","background-type":"","background-media":"","overlay-type":"","overlay-color":"","overlay-opacity":"","overlay-gradient":""}},"ast-content-background-meta":{"desktop":{"background-color":"var(--ast-global-color-5)","background-image":"","background-repeat":"repeat","background-position":"center center","background-size":"auto","background-attachment":"scroll","background-type":"","background-media":"","overlay-type":"","overlay-color":"","overlay-opacity":"","overlay-gradient":""},"tablet":{"background-color":"var(--ast-global-color-5)","background-image":"","background-repeat":"repeat","background-position":"center center","background-size":"auto","background-attachment":"scroll","background-type":"","background-media":"","overlay-type":"","overlay-color":"","overlay-opacity":"","overlay-gradient":""},"mobile":{"background-color":"var(--ast-global-color-5)","background-image":"","background-repeat":"repeat","background-position":"center center","background-size":"auto","background-attachment":"scroll","background-type":"","background-media":"","overlay-type":"","overlay-color":"","overlay-opacity":"","overlay-gradient":""}}},"product_brand":[],"product_cat":[186,195],"product_tag":[206],"class_list":{"0":"post-9543","1":"product","2":"type-product","3":"status-publish","4":"has-post-thumbnail","6":"product_cat-bonsai","7":"product_cat-junges-vor-bonsai","8":"product_tag-acer-palmatum-japanese-maple","9":"desktop-align-left","10":"tablet-align-left","11":"mobile-align-left","13":"first","14":"instock","15":"shipping-taxable","16":"purchasable","17":"product-type-simple"},"acf":[],"yoast_head":"<!-- This site is optimized with the Yoast SEO plugin v27.2 - https:\/\/yoast.com\/product\/yoast-seo-wordpress\/ -->\n<title>Acer palmatum &#039;Sei Hime&#039; \u2013 Zwerg-Japanischer Ahorn f\u00fcr Shohin<\/title>\n<meta name=\"description\" content=\"Acer palmatum &#039;Sei Hime&#039; Young Pre-Bonsai kaufen. Zwerg-Ahorn mit miniaturisierten Bl\u00e4ttern und kurzen Internodien. Ideal f\u00fcr Shohin-Bonsai. Stecklingsvermehrt.\" \/>\n<meta name=\"robots\" content=\"index, follow, max-snippet:-1, max-image-preview:large, max-video-preview:-1\" \/>\n<link rel=\"canonical\" href=\"https:\/\/treevaset.com\/de\/produkt\/acer-palmatum-sei-hime-young-pre-bonsai\/\" \/>\n<meta property=\"og:locale\" content=\"de_DE\" \/>\n<meta property=\"og:type\" content=\"article\" \/>\n<meta property=\"og:title\" content=\"Acer palmatum &#039;Sei Hime&#039; \u2013 Zwerg-Japanischer Ahorn f\u00fcr Shohin\" \/>\n<meta property=\"og:description\" content=\"Acer palmatum &#039;Sei Hime&#039; Young Pre-Bonsai kaufen. Zwerg-Ahorn mit miniaturisierten Bl\u00e4ttern und kurzen Internodien. Ideal f\u00fcr Shohin-Bonsai. Stecklingsvermehrt.\" \/>\n<meta property=\"og:url\" content=\"https:\/\/treevaset.com\/de\/produkt\/acer-palmatum-sei-hime-young-pre-bonsai\/\" \/>\n<meta property=\"og:site_name\" content=\"Treevaset\" \/>\n<meta property=\"article:publisher\" content=\"https:\/\/www.facebook.com\/profile.php?id=61565686834565\" \/>\n<meta property=\"article:modified_time\" content=\"2026-04-16T19:01:05+00:00\" \/>\n<meta property=\"og:image\" content=\"https:\/\/treevaset.com\/wp-content\/uploads\/2026\/04\/acer-palmatum-sei-hime-bonsai-dwarf-leaves-3.webp\" \/>\n\t<meta property=\"og:image:width\" content=\"1200\" \/>\n\t<meta property=\"og:image:height\" content=\"1200\" \/>\n\t<meta property=\"og:image:type\" content=\"image\/webp\" \/>\n<meta name=\"twitter:card\" content=\"summary_large_image\" \/>\n<meta name=\"twitter:label1\" content=\"Gesch\u00e4tzte Lesezeit\" \/>\n\t<meta name=\"twitter:data1\" content=\"1\u00a0Minute\" \/>\n<script type=\"application\/ld+json\" class=\"yoast-schema-graph\">{\"@context\":\"https:\/\/schema.org\",\"@graph\":[{\"@type\":\"WebPage\",\"@id\":\"https:\/\/treevaset.com\/de\/produkt\/acer-palmatum-sei-hime-young-pre-bonsai\/\",\"url\":\"https:\/\/treevaset.com\/de\/produkt\/acer-palmatum-sei-hime-young-pre-bonsai\/\",\"name\":\"Acer palmatum 'Sei Hime' \u2013 Zwerg-Japanischer Ahorn f\u00fcr Shohin\",\"isPartOf\":{\"@id\":\"https:\/\/treevaset.com\/de\/#website\"},\"primaryImageOfPage\":{\"@id\":\"https:\/\/treevaset.com\/de\/produkt\/acer-palmatum-sei-hime-young-pre-bonsai\/#primaryimage\"},\"image\":{\"@id\":\"https:\/\/treevaset.com\/de\/produkt\/acer-palmatum-sei-hime-young-pre-bonsai\/#primaryimage\"},\"thumbnailUrl\":\"https:\/\/treevaset.com\/wp-content\/uploads\/2026\/04\/acer-palmatum-sei-hime-bonsai-dwarf-leaves-3.webp\",\"datePublished\":\"2026-04-08T19:55:54+00:00\",\"dateModified\":\"2026-04-16T19:01:05+00:00\",\"description\":\"Acer palmatum 'Sei Hime' Young Pre-Bonsai kaufen. Zwerg-Ahorn mit miniaturisierten Bl\u00e4ttern und kurzen Internodien. Ideal f\u00fcr Shohin-Bonsai. Stecklingsvermehrt.\",\"breadcrumb\":{\"@id\":\"https:\/\/treevaset.com\/de\/produkt\/acer-palmatum-sei-hime-young-pre-bonsai\/#breadcrumb\"},\"inLanguage\":\"de\",\"potentialAction\":[{\"@type\":\"ReadAction\",\"target\":[\"https:\/\/treevaset.com\/de\/produkt\/acer-palmatum-sei-hime-young-pre-bonsai\/\"]}]},{\"@type\":\"ImageObject\",\"inLanguage\":\"de\",\"@id\":\"https:\/\/treevaset.com\/de\/produkt\/acer-palmatum-sei-hime-young-pre-bonsai\/#primaryimage\",\"url\":\"https:\/\/treevaset.com\/wp-content\/uploads\/2026\/04\/acer-palmatum-sei-hime-bonsai-dwarf-leaves-3.webp\",\"contentUrl\":\"https:\/\/treevaset.com\/wp-content\/uploads\/2026\/04\/acer-palmatum-sei-hime-bonsai-dwarf-leaves-3.webp\",\"width\":1200,\"height\":1200,\"caption\":\"Die nat\u00fcrlich miniaturisierte Blattgr\u00f6\u00dfe, die Sei Hime zu einem der besten Zwergahorne f\u00fcr Shohin-Bonsai macht.\"},{\"@type\":\"BreadcrumbList\",\"@id\":\"https:\/\/treevaset.com\/de\/produkt\/acer-palmatum-sei-hime-young-pre-bonsai\/#breadcrumb\",\"itemListElement\":[{\"@type\":\"ListItem\",\"position\":1,\"name\":\"Home\",\"item\":\"https:\/\/treevaset.com\/de\/\"},{\"@type\":\"ListItem\",\"position\":2,\"name\":\"Produkte\",\"item\":\"https:\/\/treevaset.com\/de\/shop\/\"},{\"@type\":\"ListItem\",\"position\":3,\"name\":\"Acer palmatum &#8216;Sei Hime&#8217; \u2013 Japanischer F\u00e4cherahorn f\u00fcr Bonsai (Young Pre-Bonsai)\"}]},{\"@type\":\"WebSite\",\"@id\":\"https:\/\/treevaset.com\/de\/#website\",\"url\":\"https:\/\/treevaset.com\/de\/\",\"name\":\"Treevaset | Anyone Can Play Bonsai\",\"description\":\"Anyone Can Play Bonsai!\",\"publisher\":{\"@id\":\"https:\/\/treevaset.com\/de\/#organization\"},\"alternateName\":\"Treevaset\",\"potentialAction\":[{\"@type\":\"SearchAction\",\"target\":{\"@type\":\"EntryPoint\",\"urlTemplate\":\"https:\/\/treevaset.com\/de\/?s={search_term_string}\"},\"query-input\":{\"@type\":\"PropertyValueSpecification\",\"valueRequired\":true,\"valueName\":\"search_term_string\"}}],\"inLanguage\":\"de\"},{\"@type\":\"Organization\",\"@id\":\"https:\/\/treevaset.com\/de\/#organization\",\"name\":\"Treevaset\",\"alternateName\":\"TreeVaset\",\"url\":\"https:\/\/treevaset.com\/de\/\",\"logo\":{\"@type\":\"ImageObject\",\"inLanguage\":\"de\",\"@id\":\"https:\/\/treevaset.com\/de\/#\/schema\/logo\/image\/\",\"url\":\"\",\"contentUrl\":\"\",\"caption\":\"Treevaset\"},\"image\":{\"@id\":\"https:\/\/treevaset.com\/de\/#\/schema\/logo\/image\/\"},\"sameAs\":[\"https:\/\/www.facebook.com\/profile.php?id=61565686834565\",\"https:\/\/www.instagram.com\/treevaset.bonsai\/\",\"https:\/\/www.instagram.com\/treevaset.it\/\",\"https:\/\/www.instagram.com\/treevaset.de\/\"]}]}<\/script>\n<!-- \/ Yoast SEO plugin. -->","yoast_head_json":{"title":"Acer palmatum 'Sei Hime' \u2013 Zwerg-Japanischer Ahorn f\u00fcr Shohin","description":"Acer palmatum 'Sei Hime' Young Pre-Bonsai kaufen. Zwerg-Ahorn mit miniaturisierten Bl\u00e4ttern und kurzen Internodien. Ideal f\u00fcr Shohin-Bonsai. Stecklingsvermehrt.","robots":{"index":"index","follow":"follow","max-snippet":"max-snippet:-1","max-image-preview":"max-image-preview:large","max-video-preview":"max-video-preview:-1"},"canonical":"https:\/\/treevaset.com\/de\/produkt\/acer-palmatum-sei-hime-young-pre-bonsai\/","og_locale":"de_DE","og_type":"article","og_title":"Acer palmatum 'Sei Hime' \u2013 Zwerg-Japanischer Ahorn f\u00fcr Shohin","og_description":"Acer palmatum 'Sei Hime' Young Pre-Bonsai kaufen. Zwerg-Ahorn mit miniaturisierten Bl\u00e4ttern und kurzen Internodien. Ideal f\u00fcr Shohin-Bonsai. Stecklingsvermehrt.","og_url":"https:\/\/treevaset.com\/de\/produkt\/acer-palmatum-sei-hime-young-pre-bonsai\/","og_site_name":"Treevaset","article_publisher":"https:\/\/www.facebook.com\/profile.php?id=61565686834565","article_modified_time":"2026-04-16T19:01:05+00:00","og_image":[{"width":1200,"height":1200,"url":"https:\/\/treevaset.com\/wp-content\/uploads\/2026\/04\/acer-palmatum-sei-hime-bonsai-dwarf-leaves-3.webp","type":"image\/webp"}],"twitter_card":"summary_large_image","twitter_misc":{"Gesch\u00e4tzte Lesezeit":"1\u00a0Minute"},"schema":{"@context":"https:\/\/schema.org","@graph":[{"@type":"WebPage","@id":"https:\/\/treevaset.com\/de\/produkt\/acer-palmatum-sei-hime-young-pre-bonsai\/","url":"https:\/\/treevaset.com\/de\/produkt\/acer-palmatum-sei-hime-young-pre-bonsai\/","name":"Acer palmatum 'Sei Hime' \u2013 Zwerg-Japanischer Ahorn f\u00fcr Shohin","isPartOf":{"@id":"https:\/\/treevaset.com\/de\/#website"},"primaryImageOfPage":{"@id":"https:\/\/treevaset.com\/de\/produkt\/acer-palmatum-sei-hime-young-pre-bonsai\/#primaryimage"},"image":{"@id":"https:\/\/treevaset.com\/de\/produkt\/acer-palmatum-sei-hime-young-pre-bonsai\/#primaryimage"},"thumbnailUrl":"https:\/\/treevaset.com\/wp-content\/uploads\/2026\/04\/acer-palmatum-sei-hime-bonsai-dwarf-leaves-3.webp","datePublished":"2026-04-08T19:55:54+00:00","dateModified":"2026-04-16T19:01:05+00:00","description":"Acer palmatum 'Sei Hime' Young Pre-Bonsai kaufen. Zwerg-Ahorn mit miniaturisierten Bl\u00e4ttern und kurzen Internodien. Ideal f\u00fcr Shohin-Bonsai. Stecklingsvermehrt.","breadcrumb":{"@id":"https:\/\/treevaset.com\/de\/produkt\/acer-palmatum-sei-hime-young-pre-bonsai\/#breadcrumb"},"inLanguage":"de","potentialAction":[{"@type":"ReadAction","target":["https:\/\/treevaset.com\/de\/produkt\/acer-palmatum-sei-hime-young-pre-bonsai\/"]}]},{"@type":"ImageObject","inLanguage":"de","@id":"https:\/\/treevaset.com\/de\/produkt\/acer-palmatum-sei-hime-young-pre-bonsai\/#primaryimage","url":"https:\/\/treevaset.com\/wp-content\/uploads\/2026\/04\/acer-palmatum-sei-hime-bonsai-dwarf-leaves-3.webp","contentUrl":"https:\/\/treevaset.com\/wp-content\/uploads\/2026\/04\/acer-palmatum-sei-hime-bonsai-dwarf-leaves-3.webp","width":1200,"height":1200,"caption":"Die nat\u00fcrlich miniaturisierte Blattgr\u00f6\u00dfe, die Sei Hime zu einem der besten Zwergahorne f\u00fcr Shohin-Bonsai macht."},{"@type":"BreadcrumbList","@id":"https:\/\/treevaset.com\/de\/produkt\/acer-palmatum-sei-hime-young-pre-bonsai\/#breadcrumb","itemListElement":[{"@type":"ListItem","position":1,"name":"Home","item":"https:\/\/treevaset.com\/de\/"},{"@type":"ListItem","position":2,"name":"Produkte","item":"https:\/\/treevaset.com\/de\/shop\/"},{"@type":"ListItem","position":3,"name":"Acer palmatum &#8216;Sei Hime&#8217; \u2013 Japanischer F\u00e4cherahorn f\u00fcr Bonsai (Young Pre-Bonsai)"}]},{"@type":"WebSite","@id":"https:\/\/treevaset.com\/de\/#website","url":"https:\/\/treevaset.com\/de\/","name":"Treevaset | Anyone Can Play Bonsai","description":"Anyone Can Play Bonsai!","publisher":{"@id":"https:\/\/treevaset.com\/de\/#organization"},"alternateName":"Treevaset","potentialAction":[{"@type":"SearchAction","target":{"@type":"EntryPoint","urlTemplate":"https:\/\/treevaset.com\/de\/?s={search_term_string}"},"query-input":{"@type":"PropertyValueSpecification","valueRequired":true,"valueName":"search_term_string"}}],"inLanguage":"de"},{"@type":"Organization","@id":"https:\/\/treevaset.com\/de\/#organization","name":"Treevaset","alternateName":"TreeVaset","url":"https:\/\/treevaset.com\/de\/","logo":{"@type":"ImageObject","inLanguage":"de","@id":"https:\/\/treevaset.com\/de\/#\/schema\/logo\/image\/","url":"","contentUrl":"","caption":"Treevaset"},"image":{"@id":"https:\/\/treevaset.com\/de\/#\/schema\/logo\/image\/"},"sameAs":["https:\/\/www.facebook.com\/profile.php?id=61565686834565","https:\/\/www.instagram.com\/treevaset.bonsai\/","https:\/\/www.instagram.com\/treevaset.it\/","https:\/\/www.instagram.com\/treevaset.de\/"]}]}},"_links":{"self":[{"href":"https:\/\/treevaset.com\/de\/wp-json\/wp\/v2\/product\/9543","targetHints":{"allow":["GET"]}}],"collection":[{"href":"https:\/\/treevaset.com\/de\/wp-json\/wp\/v2\/product"}],"about":[{"href":"https:\/\/treevaset.com\/de\/wp-json\/wp\/v2\/types\/product"}],"wp:featuredmedia":[{"embeddable":true,"href":"https:\/\/treevaset.com\/de\/wp-json\/wp\/v2\/media\/9588"}],"wp:attachment":[{"href":"https:\/\/treevaset.com\/de\/wp-json\/wp\/v2\/media?parent=9543"}],"wp:term":[{"taxonomy":"product_brand","embeddable":true,"href":"https:\/\/treevaset.com\/de\/wp-json\/wp\/v2\/product_brand?post=9543"},{"taxonomy":"product_cat","embeddable":true,"href":"https:\/\/treevaset.com\/de\/wp-json\/wp\/v2\/product_cat?post=9543"},{"taxonomy":"product_tag","embeddable":true,"href":"https:\/\/treevaset.com\/de\/wp-json\/wp\/v2\/product_tag?post=9543"}],"curies":[{"name":"wp","href":"https:\/\/api.w.org\/{rel}","templated":true}]}}